{"id":79325,"date":"2019-09-19T13:17:31","date_gmt":"2019-09-19T11:17:31","guid":{"rendered":"https:\/\/brienner13.de\/?page_id=79325"},"modified":"2020-01-16T11:44:53","modified_gmt":"2020-01-16T10:44:53","slug":"startseite","status":"publish","type":"page","link":"https:\/\/brienner13.de\/en\/","title":{"rendered":"Startseite"},"content":{"rendered":"<div class=\"wpb-content-wrapper\"><p>[vc_row row_height_percent=&#8221;44&#8243; override_padding=&#8221;yes&#8221; h_padding=&#8221;2&#8243; top_padding=&#8221;2&#8243; bottom_padding=&#8221;2&#8243; overlay_alpha=&#8221;50&#8243; gutter_size=&#8221;4&#8243; column_width_percent=&#8221;100&#8243; shift_y=&#8221;0&#8243; z_index=&#8221;0&#8243; bottom_divider=&#8221;step_2_3&#8243;][vc_column column_width_percent=&#8221;100&#8243; overlay_alpha=&#8221;50&#8243; gutter_size=&#8221;3&#8243; medium_width=&#8221;3&#8243; mobile_width=&#8221;0&#8243; shift_x=&#8221;0&#8243; shift_y=&#8221;3&#8243; shift_y_fixed=&#8221;yes&#8221; shift_y_down=&#8221;0&#8243; z_index=&#8221;0&#8243; width=&#8221;4\/12&#8243;][vc_empty_space empty_h=&#8221;2&#8243;][vc_row_inner][vc_column_inner column_width_percent=&#8221;100&#8243; gutter_size=&#8221;3&#8243; overlay_alpha=&#8221;50&#8243; medium_width=&#8221;0&#8243; mobile_width=&#8221;0&#8243; shift_x=&#8221;0&#8243; shift_y=&#8221;-5&#8243; shift_y_down=&#8221;0&#8243; z_index=&#8221;0&#8243; width=&#8221;1\/1&#8243;][vc_single_image media=&#8221;78931&#8243; media_width_percent=&#8221;100&#8243;][\/vc_column_inner][\/vc_row_inner][vc_row_inner][vc_column_inner column_width_percent=&#8221;100&#8243; gutter_size=&#8221;1&#8243; overlay_alpha=&#8221;50&#8243; medium_width=&#8221;0&#8243; mobile_width=&#8221;0&#8243; shift_x=&#8221;0&#8243; shift_y=&#8221;0&#8243; shift_y_down=&#8221;0&#8243; z_index=&#8221;0&#8243; width=&#8221;1\/1&#8243;][vc_custom_heading text_size=&#8221;h5&#8243; text_font=&#8221;font-302999&#8243; text_weight=&#8221;400&#8243;]Prof. Dr. Hartmut Wicke &amp; Sebastian Herrler[\/vc_custom_heading][\/vc_column_inner][\/vc_row_inner][\/vc_column][vc_column column_width_percent=&#8221;100&#8243; position_vertical=&#8221;middle&#8221; overlay_alpha=&#8221;50&#8243; gutter_size=&#8221;3&#8243; medium_width=&#8221;3&#8243; mobile_width=&#8221;0&#8243; shift_x=&#8221;0&#8243; shift_y=&#8221;0&#8243; shift_y_down=&#8221;0&#8243; z_index=&#8221;0&#8243; css_animation=&#8221;alpha-anim&#8221; animation_speed=&#8221;1000&#8243; animation_delay=&#8221;400&#8243; width=&#8221;4\/12&#8243; css=&#8221;.vc_custom_1568893911492{padding-left: 50px !important;}&#8221;][vc_custom_heading heading_semantic=&#8221;h4&#8243; text_size=&#8221;&#8221; text_font=&#8221;font-555555&#8243; text_transform=&#8221;uppercase&#8221; text_color=&#8221;accent&#8221;]Notaries[\/vc_custom_heading][vc_custom_heading text_size=&#8221;h4&#8243; text_height=&#8221;fontheight-838717&#8243; text_font=&#8221;font-302999&#8243; text_weight=&#8221;400&#8243; text_color=&#8221;color-wvjs&#8221;]Prof. Dr. Hartmut Wicke, LL.M.<br \/>\nSebastian Herrler<br \/>\nBrienner Stra\u00dfe 13\/ IV<br \/>\n80333 M\u00fcnchen[\/vc_custom_heading][\/vc_column][vc_column column_width_percent=&#8221;100&#8243; position_vertical=&#8221;middle&#8221; overlay_alpha=&#8221;50&#8243; gutter_size=&#8221;3&#8243; medium_width=&#8221;3&#8243; mobile_width=&#8221;0&#8243; shift_x=&#8221;0&#8243; shift_y=&#8221;0&#8243; shift_y_down=&#8221;0&#8243; z_index=&#8221;0&#8243; css_animation=&#8221;alpha-anim&#8221; animation_speed=&#8221;1000&#8243; animation_delay=&#8221;400&#8243; width=&#8221;4\/12&#8243; css=&#8221;.vc_custom_1568893916465{padding-left: 50px !important;}&#8221;][vc_custom_heading heading_semantic=&#8221;h4&#8243; text_size=&#8221;&#8221; text_font=&#8221;font-555555&#8243; text_transform=&#8221;uppercase&#8221; text_color=&#8221;accent&#8221;]Contact[\/vc_custom_heading][vc_custom_heading text_size=&#8221;h4&#8243; text_height=&#8221;fontheight-838717&#8243; text_font=&#8221;font-302999&#8243; text_weight=&#8221;400&#8243; text_color=&#8221;color-wvjs&#8221;]Tel: <a href=\"tel:+49892121210\">089 212121-0<\/a><br \/>\nFax: 089 212121-31<\/p>\n<p>&nbsp;<\/p>\n<p>E-Mail: <a href=\"mailto:notare@brienner13.de\">notare@brienner13.de<\/a>[\/vc_custom_heading][\/vc_column][\/vc_row][vc_row row_height_percent=&#8221;60&#8243; override_padding=&#8221;yes&#8221; h_padding=&#8221;2&#8243; top_padding=&#8221;7&#8243; bottom_padding=&#8221;7&#8243; back_image=&#8221;78956&#8243; back_repeat=&#8221;inherit&#8221; back_attachment=&#8221;fixed&#8221; back_position=&#8221;center bottom&#8221; overlay_color=&#8221;accent&#8221; overlay_alpha=&#8221;70&#8243; gutter_size=&#8221;3&#8243; column_width_percent=&#8221;100&#8243; shift_y=&#8221;0&#8243; z_index=&#8221;0&#8243; enable_top_divider=&#8221;default&#8221; top_divider=&#8221;step_3_4&#8243; shape_top_h_use_pixel=&#8221;&#8221; shape_top_height=&#8221;30&#8243; shape_top_color=&#8221;color-xsdn&#8221; shape_top_opacity=&#8221;100&#8243; shape_top_index=&#8221;0&#8243;][vc_column column_width_use_pixel=&#8221;yes&#8221; style=&#8221;dark&#8221; overlay_alpha=&#8221;50&#8243; gutter_size=&#8221;3&#8243; medium_width=&#8221;0&#8243; mobile_width=&#8221;0&#8243; shift_x=&#8221;0&#8243; shift_y=&#8221;0&#8243; shift_y_down=&#8221;0&#8243; z_index=&#8221;0&#8243; width=&#8221;1\/2&#8243; column_width_pixel=&#8221;1200&#8243;][vc_custom_heading text_weight=&#8221;400&#8243;]<span class=\"tlid-translation translation\" lang=\"en\"><span class=\"\" title=\"\">Competence<\/span><\/span>[\/vc_custom_heading][vc_column_text text_lead=&#8221;yes&#8221;]<\/p>\n<p style=\"font-family: Vollkorn;\">We provide consulting on notarization, offer legal advice, prepare legal reports, and review draft contracts. We are at your disposal as competent contact persons for all questions of notarial practice, especially in the areas of<\/p>\n<p>[\/vc_column_text][\/vc_column][vc_column column_width_percent=&#8221;100&#8243; align_horizontal=&#8221;align_center&#8221; overlay_alpha=&#8221;50&#8243; gutter_size=&#8221;3&#8243; medium_width=&#8221;0&#8243; mobile_width=&#8221;0&#8243; shift_x=&#8221;0&#8243; shift_y=&#8221;3&#8243; shift_y_down=&#8221;0&#8243; z_index=&#8221;0&#8243; width=&#8221;1\/4&#8243;][vc_button button_color=&#8221;accent&#8221; size=&#8221;btn-xl&#8221; radius=&#8221;btn-square&#8221; border_animation=&#8221;btn-ripple-out&#8221; wide=&#8221;yes&#8221; hover_fx=&#8221;full-colored&#8221; shadow=&#8221;yes&#8221; custom_typo=&#8221;yes&#8221; font_family=&#8221;font-302999&#8243; font_weight=&#8221;300&#8243; text_transform=&#8221;uppercase&#8221; border_width=&#8221;0&#8243; link=&#8221;url:https%3A%2F%2Fbrienner13.de%2Fen%2Freal-estate-law%2F|title:Immobilienrecht||&#8221;]Real estate law[\/vc_button][vc_button button_color=&#8221;accent&#8221; size=&#8221;btn-xl&#8221; radius=&#8221;btn-square&#8221; border_animation=&#8221;btn-ripple-out&#8221; wide=&#8221;yes&#8221; hover_fx=&#8221;full-colored&#8221; shadow=&#8221;yes&#8221; custom_typo=&#8221;yes&#8221; font_family=&#8221;font-302999&#8243; font_weight=&#8221;300&#8243; text_transform=&#8221;uppercase&#8221; border_width=&#8221;0&#8243; link=&#8221;url:https%3A%2F%2Fbrienner13.de%2Fen%2Fbusiness-and-corporate-business%2F|title:Corporate%20law||&#8221;]Corporate law[\/vc_button][\/vc_column][vc_column column_width_percent=&#8221;100&#8243; align_horizontal=&#8221;align_center&#8221; overlay_alpha=&#8221;50&#8243; gutter_size=&#8221;3&#8243; medium_width=&#8221;0&#8243; mobile_width=&#8221;0&#8243; shift_x=&#8221;0&#8243; shift_y=&#8221;3&#8243; shift_y_down=&#8221;0&#8243; z_index=&#8221;0&#8243; width=&#8221;1\/4&#8243;][vc_button button_color=&#8221;accent&#8221; size=&#8221;btn-xl&#8221; radius=&#8221;btn-square&#8221; border_animation=&#8221;btn-ripple-out&#8221; wide=&#8221;yes&#8221; hover_fx=&#8221;full-colored&#8221; shadow=&#8221;yes&#8221; custom_typo=&#8221;yes&#8221; font_family=&#8221;font-302999&#8243; font_weight=&#8221;300&#8243; text_transform=&#8221;uppercase&#8221; border_width=&#8221;0&#8243; link=&#8221;url:https%3A%2F%2Fbrienner13.de%2Fen%2Finheritance-law-and-company-succession%2F|title:Inheritance||&#8221;]Inheritance law[\/vc_button][vc_button button_color=&#8221;accent&#8221; size=&#8221;btn-xl&#8221; radius=&#8221;btn-square&#8221; border_animation=&#8221;btn-ripple-out&#8221; wide=&#8221;yes&#8221; hover_fx=&#8221;full-colored&#8221; shadow=&#8221;yes&#8221; custom_typo=&#8221;yes&#8221; font_family=&#8221;font-302999&#8243; font_weight=&#8221;300&#8243; text_transform=&#8221;uppercase&#8221; border_width=&#8221;0&#8243; link=&#8221;url:https%3A%2F%2Fbrienner13.de%2Fen%2Fmarriage-and-family-law%2F|title:Marriage%20and%20family%20law||&#8221;]Marriage and family law[\/vc_button][\/vc_column][\/vc_row][vc_row row_height_percent=&#8221;0&#8243; override_padding=&#8221;yes&#8221; h_padding=&#8221;2&#8243; top_padding=&#8221;5&#8243; bottom_padding=&#8221;5&#8243; overlay_alpha=&#8221;50&#8243; gutter_size=&#8221;3&#8243; column_width_percent=&#8221;100&#8243; shift_y=&#8221;0&#8243; z_index=&#8221;0&#8243; bottom_divider=&#8221;step_3_4&#8243;][vc_column column_width_percent=&#8221;100&#8243; overlay_alpha=&#8221;50&#8243; gutter_size=&#8221;4&#8243; medium_width=&#8221;0&#8243; mobile_width=&#8221;0&#8243; shift_x=&#8221;0&#8243; shift_y=&#8221;0&#8243; shift_y_down=&#8221;0&#8243; z_index=&#8221;0&#8243; css_animation=&#8221;bottom-t-top&#8221; animation_speed=&#8221;1000&#8243; width=&#8221;1\/1&#8243;][vc_row_inner row_inner_height_percent=&#8221;0&#8243; overlay_alpha=&#8221;50&#8243; gutter_size=&#8221;4&#8243; shift_y=&#8221;0&#8243; z_index=&#8221;0&#8243;][vc_column_inner column_width_percent=&#8221;100&#8243; gutter_size=&#8221;3&#8243; overlay_alpha=&#8221;50&#8243; medium_width=&#8221;4&#8243; mobile_width=&#8221;0&#8243; shift_x=&#8221;0&#8243; shift_y=&#8221;0&#8243; shift_y_down=&#8221;0&#8243; z_index=&#8221;0&#8243; width=&#8221;1\/2&#8243;][vc_custom_heading text_size=&#8221;&#8221; text_weight=&#8221;400&#8243; text_color=&#8221;accent&#8221;]About us[\/vc_custom_heading][vc_custom_heading text_size=&#8221;h4&#8243; text_height=&#8221;fontheight-838717&#8243; text_font=&#8221;font-555555&#8243; text_weight=&#8221;400&#8243;]As notaries, we hold a public office and are committed to neutrality. At the same time, we see ourselves as competent service providers in legal matters.[\/vc_custom_heading][\/vc_column_inner][vc_column_inner column_width_percent=&#8221;100&#8243; gutter_size=&#8221;3&#8243; font_family=&#8221;font-175345&#8243; overlay_alpha=&#8221;50&#8243; medium_width=&#8221;2&#8243; mobile_width=&#8221;0&#8243; shift_x=&#8221;0&#8243; shift_y=&#8221;0&#8243; shift_y_down=&#8221;0&#8243; z_index=&#8221;0&#8243; width=&#8221;1\/2&#8243;][vc_column_text text_lead=&#8221;yes&#8221;]<\/p>\n<p style=\"font-family: Source Sans Pro;\">We consider high standards for the quality of our work, readiness to commit, friendliness to our clients, and an uncomplicated and accessible business procedure to be a matter of course. Our activities include the provision of legal advice, the preparation, execution, and completion of documentation procedures, the preparation of legal reports, the review of draft contracts, and mediation in conflict situations. We take special care that our documents and legal advice not only take into account legal and commercial relationships, but are practicable and avoid conflicts in every case. If necessary, we will gladly serve you outside our opening hours as well.<\/p>\n<p>[\/vc_column_text][\/vc_column_inner][\/vc_row_inner][\/vc_column][\/vc_row][vc_row row_height_percent=&#8221;0&#8243; override_padding=&#8221;yes&#8221; h_padding=&#8221;2&#8243; top_padding=&#8221;7&#8243; bottom_padding=&#8221;7&#8243; back_color=&#8221;color-prif&#8221; back_image=&#8221;78982&#8243; back_position=&#8221;center top&#8221; parallax=&#8221;yes&#8221; overlay_color=&#8221;color-wayh&#8221; overlay_alpha=&#8221;41&#8243; gutter_size=&#8221;3&#8243; column_width_percent=&#8221;100&#8243; shift_y=&#8221;0&#8243; z_index=&#8221;0&#8243; top_divider=&#8221;gradient&#8221; bottom_divider=&#8221;step_2_3&#8243;][vc_column column_width_percent=&#8221;100&#8243; position_vertical=&#8221;middle&#8221; style=&#8221;dark&#8221; overlay_alpha=&#8221;50&#8243; gutter_size=&#8221;3&#8243; medium_width=&#8221;0&#8243; mobile_width=&#8221;0&#8243; shift_x=&#8221;0&#8243; shift_y=&#8221;0&#8243; shift_y_down=&#8221;0&#8243; z_index=&#8221;0&#8243; css_animation=&#8221;left-t-right&#8221; animation_speed=&#8221;1000&#8243; width=&#8221;1\/4&#8243;][\/vc_column][vc_column column_width_percent=&#8221;100&#8243; align_horizontal=&#8221;align_center&#8221; overlay_alpha=&#8221;50&#8243; gutter_size=&#8221;3&#8243; medium_width=&#8221;0&#8243; mobile_width=&#8221;0&#8243; shift_x=&#8221;0&#8243; shift_y=&#8221;0&#8243; shift_y_down=&#8221;0&#8243; z_index=&#8221;0&#8243; width=&#8221;1\/2&#8243;][vc_custom_heading text_color=&#8221;color-xsdn&#8221;]Make an appointment now![\/vc_custom_heading][vc_button button_color=&#8221;accent&#8221; radius=&#8221;btn-square&#8221; border_animation=&#8221;btn-ripple-out&#8221; hover_fx=&#8221;full-colored&#8221; shadow=&#8221;yes&#8221; custom_typo=&#8221;yes&#8221; font_family=&#8221;font-302999&#8243; font_weight=&#8221;400&#8243; text_transform=&#8221;uppercase&#8221; letter_spacing=&#8221;fontspace-191287&#8243; border_width=&#8221;0&#8243; link=&#8221;url:https%3A%2F%2Fbrienner13.de%2Fkontakt%2F|title:Kontakt||&#8221;]Contact[\/vc_button][\/vc_column][vc_column width=&#8221;1\/4&#8243;][\/vc_column][\/vc_row]<\/p>\n<\/div>","protected":false},"excerpt":{"rendered":"<p>[vc_row row_height_percent=&#8221;44&#8243; override_padding=&#8221;yes&#8221; h_padding=&#8221;2&#8243; top_padding=&#8221;2&#8243; bottom_padding=&#8221;2&#8243; overlay_alpha=&#8221;50&#8243; gutter_size=&#8221;4&#8243; column_width_percent=&#8221;100&#8243; shift_y=&#8221;0&#8243; z_index=&#8221;0&#8243; bottom_divider=&#8221;step_2_3&#8243;][vc_column column_width_percent=&#8221;100&#8243; overlay_alpha=&#8221;50&#8243; gutter_size=&#8221;3&#8243; medium_width=&#8221;3&#8243; mobile_width=&#8221;0&#8243; shift_x=&#8221;0&#8243; shift_y=&#8221;3&#8243; shift_y_fixed=&#8221;yes&#8221; [&hellip;]<\/p>\n","protected":false},"author":1,"featured_media":0,"parent":0,"menu_order":0,"comment_status":"closed","ping_status":"closed","template":"","meta":{"footnotes":""},"class_list":["post-79325","page","type-page","status-publish","hentry"],"yoast_head":"<!-- This site is optimized with the Yoast SEO plugin v25.4 - https:\/\/yoast.com\/wordpress\/plugins\/seo\/ -->\n<title>Notare Wicke Herrler | Startseite<\/title>\n<meta name=\"description\" content=\"Die Notare Wicke Herrler beraten rund um die Beurkundung, geben Rechtsausk\u00fcnfte, erstellen juristische Gutachten und pr\u00fcfen Vertragsentw\u00fcrfe.\" \/>\n<meta name=\"robots\" content=\"index, follow, max-snippet:-1, max-image-preview:large, max-video-preview:-1\" \/>\n<link rel=\"canonical\" href=\"https:\/\/brienner13.de\/en\/\" \/>\n<meta property=\"og:locale\" content=\"en_US\" \/>\n<meta property=\"og:type\" content=\"article\" \/>\n<meta property=\"og:title\" content=\"Notare Wicke Herrler | Startseite\" \/>\n<meta property=\"og:description\" content=\"Die Notare Wicke Herrler beraten rund um die Beurkundung, geben Rechtsausk\u00fcnfte, erstellen juristische Gutachten und pr\u00fcfen Vertragsentw\u00fcrfe.\" \/>\n<meta property=\"og:url\" content=\"https:\/\/brienner13.de\/en\/\" \/>\n<meta property=\"og:site_name\" content=\"Notare Wicke Herrler\" \/>\n<meta property=\"article:modified_time\" content=\"2020-01-16T10:44:53+00:00\" \/>\n<meta name=\"twitter:card\" content=\"summary_large_image\" \/>\n<meta name=\"twitter:label1\" content=\"Est. reading time\" \/>\n\t<meta name=\"twitter:data1\" content=\"6 minutes\" \/>\n<script type=\"application\/ld+json\" class=\"yoast-schema-graph\">{\"@context\":\"https:\/\/schema.org\",\"@graph\":[{\"@type\":\"WebPage\",\"@id\":\"https:\/\/brienner13.de\/en\/\",\"url\":\"https:\/\/brienner13.de\/en\/\",\"name\":\"Notare Wicke Herrler | Startseite\",\"isPartOf\":{\"@id\":\"https:\/\/brienner13.de\/#website\"},\"datePublished\":\"2019-09-19T11:17:31+00:00\",\"dateModified\":\"2020-01-16T10:44:53+00:00\",\"description\":\"Die Notare Wicke Herrler beraten rund um die Beurkundung, geben Rechtsausk\u00fcnfte, erstellen juristische Gutachten und pr\u00fcfen Vertragsentw\u00fcrfe.\",\"breadcrumb\":{\"@id\":\"https:\/\/brienner13.de\/en\/#breadcrumb\"},\"inLanguage\":\"en-US\",\"potentialAction\":[{\"@type\":\"ReadAction\",\"target\":[\"https:\/\/brienner13.de\/en\/\"]}]},{\"@type\":\"BreadcrumbList\",\"@id\":\"https:\/\/brienner13.de\/en\/#breadcrumb\",\"itemListElement\":[{\"@type\":\"ListItem\",\"position\":1,\"name\":\"Startseite\",\"item\":\"https:\/\/brienner13.de\/en\/\"},{\"@type\":\"ListItem\",\"position\":2,\"name\":\"Startseite\"}]},{\"@type\":\"WebSite\",\"@id\":\"https:\/\/brienner13.de\/#website\",\"url\":\"https:\/\/brienner13.de\/\",\"name\":\"Notare Wicke Herrler\",\"description\":\"Ihr Notar in M\u00fcnchen\",\"publisher\":{\"@id\":\"https:\/\/brienner13.de\/#organization\"},\"potentialAction\":[{\"@type\":\"SearchAction\",\"target\":{\"@type\":\"EntryPoint\",\"urlTemplate\":\"https:\/\/brienner13.de\/?s={search_term_string}\"},\"query-input\":{\"@type\":\"PropertyValueSpecification\",\"valueRequired\":true,\"valueName\":\"search_term_string\"}}],\"inLanguage\":\"en-US\"},{\"@type\":\"Organization\",\"@id\":\"https:\/\/brienner13.de\/#organization\",\"name\":\"Wicke Herrler Notare\",\"url\":\"https:\/\/brienner13.de\/\",\"logo\":{\"@type\":\"ImageObject\",\"inLanguage\":\"en-US\",\"@id\":\"https:\/\/brienner13.de\/#\/schema\/logo\/image\/\",\"url\":\"https:\/\/brienner13.de\/wp-content\/uploads\/2019\/07\/Wicke_Herrler_Logo_web.jpg\",\"contentUrl\":\"https:\/\/brienner13.de\/wp-content\/uploads\/2019\/07\/Wicke_Herrler_Logo_web.jpg\",\"width\":400,\"height\":390,\"caption\":\"Wicke Herrler Notare\"},\"image\":{\"@id\":\"https:\/\/brienner13.de\/#\/schema\/logo\/image\/\"}}]}<\/script>\n<!-- \/ Yoast SEO plugin. -->","yoast_head_json":{"title":"Notare Wicke Herrler | Startseite","description":"Die Notare Wicke Herrler beraten rund um die Beurkundung, geben Rechtsausk\u00fcnfte, erstellen juristische Gutachten und pr\u00fcfen Vertragsentw\u00fcrfe.","robots":{"index":"index","follow":"follow","max-snippet":"max-snippet:-1","max-image-preview":"max-image-preview:large","max-video-preview":"max-video-preview:-1"},"canonical":"https:\/\/brienner13.de\/en\/","og_locale":"en_US","og_type":"article","og_title":"Notare Wicke Herrler | Startseite","og_description":"Die Notare Wicke Herrler beraten rund um die Beurkundung, geben Rechtsausk\u00fcnfte, erstellen juristische Gutachten und pr\u00fcfen Vertragsentw\u00fcrfe.","og_url":"https:\/\/brienner13.de\/en\/","og_site_name":"Notare Wicke Herrler","article_modified_time":"2020-01-16T10:44:53+00:00","twitter_card":"summary_large_image","twitter_misc":{"Est. reading time":"6 minutes"},"schema":{"@context":"https:\/\/schema.org","@graph":[{"@type":"WebPage","@id":"https:\/\/brienner13.de\/en\/","url":"https:\/\/brienner13.de\/en\/","name":"Notare Wicke Herrler | Startseite","isPartOf":{"@id":"https:\/\/brienner13.de\/#website"},"datePublished":"2019-09-19T11:17:31+00:00","dateModified":"2020-01-16T10:44:53+00:00","description":"Die Notare Wicke Herrler beraten rund um die Beurkundung, geben Rechtsausk\u00fcnfte, erstellen juristische Gutachten und pr\u00fcfen Vertragsentw\u00fcrfe.","breadcrumb":{"@id":"https:\/\/brienner13.de\/en\/#breadcrumb"},"inLanguage":"en-US","potentialAction":[{"@type":"ReadAction","target":["https:\/\/brienner13.de\/en\/"]}]},{"@type":"BreadcrumbList","@id":"https:\/\/brienner13.de\/en\/#breadcrumb","itemListElement":[{"@type":"ListItem","position":1,"name":"Startseite","item":"https:\/\/brienner13.de\/en\/"},{"@type":"ListItem","position":2,"name":"Startseite"}]},{"@type":"WebSite","@id":"https:\/\/brienner13.de\/#website","url":"https:\/\/brienner13.de\/","name":"Notare Wicke Herrler","description":"Ihr Notar in M\u00fcnchen","publisher":{"@id":"https:\/\/brienner13.de\/#organization"},"potentialAction":[{"@type":"SearchAction","target":{"@type":"EntryPoint","urlTemplate":"https:\/\/brienner13.de\/?s={search_term_string}"},"query-input":{"@type":"PropertyValueSpecification","valueRequired":true,"valueName":"search_term_string"}}],"inLanguage":"en-US"},{"@type":"Organization","@id":"https:\/\/brienner13.de\/#organization","name":"Wicke Herrler Notare","url":"https:\/\/brienner13.de\/","logo":{"@type":"ImageObject","inLanguage":"en-US","@id":"https:\/\/brienner13.de\/#\/schema\/logo\/image\/","url":"https:\/\/brienner13.de\/wp-content\/uploads\/2019\/07\/Wicke_Herrler_Logo_web.jpg","contentUrl":"https:\/\/brienner13.de\/wp-content\/uploads\/2019\/07\/Wicke_Herrler_Logo_web.jpg","width":400,"height":390,"caption":"Wicke Herrler Notare"},"image":{"@id":"https:\/\/brienner13.de\/#\/schema\/logo\/image\/"}}]}},"_links":{"self":[{"href":"https:\/\/brienner13.de\/en\/wp-json\/wp\/v2\/pages\/79325","targetHints":{"allow":["GET"]}}],"collection":[{"href":"https:\/\/brienner13.de\/en\/wp-json\/wp\/v2\/pages"}],"about":[{"href":"https:\/\/brienner13.de\/en\/wp-json\/wp\/v2\/types\/page"}],"author":[{"embeddable":true,"href":"https:\/\/brienner13.de\/en\/wp-json\/wp\/v2\/users\/1"}],"replies":[{"embeddable":true,"href":"https:\/\/brienner13.de\/en\/wp-json\/wp\/v2\/comments?post=79325"}],"version-history":[{"count":7,"href":"https:\/\/brienner13.de\/en\/wp-json\/wp\/v2\/pages\/79325\/revisions"}],"predecessor-version":[{"id":79624,"href":"https:\/\/brienner13.de\/en\/wp-json\/wp\/v2\/pages\/79325\/revisions\/79624"}],"wp:attachment":[{"href":"https:\/\/brienner13.de\/en\/wp-json\/wp\/v2\/media?parent=79325"}],"curies":[{"name":"wp","href":"https:\/\/api.w.org\/{rel}","templated":true}]}}