{"id":79343,"date":"2019-07-18T11:50:36","date_gmt":"2019-07-18T09:50:36","guid":{"rendered":"https:\/\/brienner13.de\/selbstverstaendnis\/"},"modified":"2019-11-12T16:19:56","modified_gmt":"2019-11-12T15:19:56","slug":"about-us","status":"publish","type":"page","link":"https:\/\/brienner13.de\/en\/about-us\/","title":{"rendered":"About us"},"content":{"rendered":"<div class=\"wpb-content-wrapper\"><p>[vc_row unlock_row_content=&#8221;yes&#8221; row_height_percent=&#8221;0&#8243; override_padding=&#8221;yes&#8221; h_padding=&#8221;7&#8243; top_padding=&#8221;3&#8243; bottom_padding=&#8221;3&#8243; overlay_alpha=&#8221;50&#8243; gutter_size=&#8221;4&#8243; column_width_use_pixel=&#8221;yes&#8221; shift_y=&#8221;0&#8243; z_index=&#8221;0&#8243; el_class=&#8221;inverted-device-order&#8221; column_width_pixel=&#8221;1600&#8243; row_name=&#8221;start&#8221;][vc_column width=&#8221;1\/1&#8243;][vc_custom_heading text_color=&#8221;accent&#8221;]High demands on the quality of our work[\/vc_custom_heading][vc_column_text text_lead=&#8221;yes&#8221;]Readiness to commit, friendliness to our clients and an uncomplicated and accessible business procedure to be a matter of course. Our activities include the provision of legal advice, the preparation, execution, and completion of documentation procedures, the preparation of legal reports, the review of draft contracts, and mediation in conflict situations.<\/p>\n<p>We take special care that our documents and legal advice not only take into account legal and commercial relationships, but are practicable and avoid conflicts in every case. If necessary, we will gladly serve you outside our opening hours as well.[\/vc_column_text][\/vc_column][\/vc_row][vc_row row_height_percent=&#8221;0&#8243; override_padding=&#8221;yes&#8221; h_padding=&#8221;0&#8243; top_padding=&#8221;2&#8243; bottom_padding=&#8221;5&#8243; overlay_alpha=&#8221;50&#8243; equal_height=&#8221;yes&#8221; gutter_size=&#8221;4&#8243; column_width_percent=&#8221;100&#8243; shift_y=&#8221;0&#8243; z_index=&#8221;0&#8243;][vc_column column_width_percent=&#8221;100&#8243; position_vertical=&#8221;middle&#8221; overlay_alpha=&#8221;50&#8243; gutter_size=&#8221;3&#8243; medium_width=&#8221;0&#8243; mobile_width=&#8221;0&#8243; shift_x=&#8221;0&#8243; shift_y=&#8221;0&#8243; shift_y_down=&#8221;0&#8243; z_index=&#8221;0&#8243; width=&#8221;1\/4&#8243;][\/vc_column][vc_column column_width_percent=&#8221;100&#8243; position_vertical=&#8221;middle&#8221; overlay_alpha=&#8221;50&#8243; gutter_size=&#8221;3&#8243; medium_width=&#8221;0&#8243; mobile_width=&#8221;0&#8243; shift_x=&#8221;0&#8243; shift_y=&#8221;0&#8243; shift_y_down=&#8221;0&#8243; z_index=&#8221;0&#8243; width=&#8221;1\/2&#8243;][vc_row_inner row_inner_height_percent=&#8221;0&#8243; overlay_alpha=&#8221;50&#8243; gutter_size=&#8221;2&#8243; shift_y=&#8221;0&#8243; z_index=&#8221;0&#8243;][vc_column_inner column_width_percent=&#8221;100&#8243; gutter_size=&#8221;3&#8243; overlay_alpha=&#8221;50&#8243; medium_width=&#8221;4&#8243; mobile_width=&#8221;4&#8243; shift_x=&#8221;0&#8243; shift_y=&#8221;-2&#8243; shift_y_fixed=&#8221;yes&#8221; shift_y_down=&#8221;0&#8243; z_index=&#8221;0&#8243; width=&#8221;1\/2&#8243;][vc_single_image media=&#8221;79264&#8243; media_width_percent=&#8221;100&#8243; media_ratio=&#8221;nine-sixteen&#8221;][\/vc_column_inner][vc_column_inner column_width_percent=&#8221;100&#8243; gutter_size=&#8221;3&#8243; overlay_alpha=&#8221;50&#8243; medium_width=&#8221;4&#8243; mobile_width=&#8221;4&#8243; shift_x=&#8221;0&#8243; shift_y=&#8221;0&#8243; shift_y_fixed=&#8221;yes&#8221; shift_y_down=&#8221;-2&#8243; z_index=&#8221;0&#8243; width=&#8221;1\/2&#8243;][vc_single_image media=&#8221;79256&#8243; media_width_percent=&#8221;100&#8243; media_ratio=&#8221;nine-sixteen&#8221;][\/vc_column_inner][\/vc_row_inner][\/vc_column][vc_column width=&#8221;1\/4&#8243;][\/vc_column][\/vc_row]<\/p>\n<\/div>","protected":false},"excerpt":{"rendered":"<p>[vc_row unlock_row_content=&#8221;yes&#8221; row_height_percent=&#8221;0&#8243; override_padding=&#8221;yes&#8221; h_padding=&#8221;7&#8243; top_padding=&#8221;3&#8243; bottom_padding=&#8221;3&#8243; overlay_alpha=&#8221;50&#8243; gutter_size=&#8221;4&#8243; column_width_use_pixel=&#8221;yes&#8221; shift_y=&#8221;0&#8243; z_index=&#8221;0&#8243; el_class=&#8221;inverted-device-order&#8221; column_width_pixel=&#8221;1600&#8243; row_name=&#8221;start&#8221;][vc_column width=&#8221;1\/1&#8243;][vc_custom_heading text_color=&#8221;accent&#8221;]High demands on the [&hellip;]<\/p>\n","protected":false},"author":1,"featured_media":0,"parent":0,"menu_order":0,"comment_status":"closed","ping_status":"closed","template":"","meta":{"footnotes":""},"class_list":["post-79343","page","type-page","status-publish","hentry"],"yoast_head":"<!-- This site is optimized with the Yoast SEO plugin v25.4 - https:\/\/yoast.com\/wordpress\/plugins\/seo\/ -->\n<title>About us | Notare Wicke Herrler<\/title>\n<meta name=\"description\" content=\"Gro\u00dfe Einsatzbereitschaft, Klientenfreundlichkeit sowie eine unkomplizierte und z\u00fcgige Abwicklung der Urkundsgesch\u00e4fte sind f\u00fcr uns selbstverst\u00e4ndlich.\" \/>\n<meta name=\"robots\" content=\"index, follow, max-snippet:-1, max-image-preview:large, max-video-preview:-1\" \/>\n<link rel=\"canonical\" href=\"https:\/\/brienner13.de\/en\/about-us\/\" \/>\n<meta property=\"og:locale\" content=\"en_US\" \/>\n<meta property=\"og:type\" content=\"article\" \/>\n<meta property=\"og:title\" content=\"About us | Notare Wicke Herrler\" \/>\n<meta property=\"og:description\" content=\"Gro\u00dfe Einsatzbereitschaft, Klientenfreundlichkeit sowie eine unkomplizierte und z\u00fcgige Abwicklung der Urkundsgesch\u00e4fte sind f\u00fcr uns selbstverst\u00e4ndlich.\" \/>\n<meta property=\"og:url\" content=\"https:\/\/brienner13.de\/en\/about-us\/\" \/>\n<meta property=\"og:site_name\" content=\"Notare Wicke Herrler\" \/>\n<meta property=\"article:modified_time\" content=\"2019-11-12T15:19:56+00:00\" \/>\n<meta name=\"twitter:card\" content=\"summary_large_image\" \/>\n<meta name=\"twitter:label1\" content=\"Est. reading time\" \/>\n\t<meta name=\"twitter:data1\" content=\"2 minutes\" \/>\n<script type=\"application\/ld+json\" class=\"yoast-schema-graph\">{\"@context\":\"https:\/\/schema.org\",\"@graph\":[{\"@type\":\"WebPage\",\"@id\":\"https:\/\/brienner13.de\/en\/about-us\/\",\"url\":\"https:\/\/brienner13.de\/en\/about-us\/\",\"name\":\"About us | Notare Wicke Herrler\",\"isPartOf\":{\"@id\":\"https:\/\/brienner13.de\/#website\"},\"datePublished\":\"2019-07-18T09:50:36+00:00\",\"dateModified\":\"2019-11-12T15:19:56+00:00\",\"description\":\"Gro\u00dfe Einsatzbereitschaft, Klientenfreundlichkeit sowie eine unkomplizierte und z\u00fcgige Abwicklung der Urkundsgesch\u00e4fte sind f\u00fcr uns selbstverst\u00e4ndlich.\",\"breadcrumb\":{\"@id\":\"https:\/\/brienner13.de\/en\/about-us\/#breadcrumb\"},\"inLanguage\":\"en-US\",\"potentialAction\":[{\"@type\":\"ReadAction\",\"target\":[\"https:\/\/brienner13.de\/en\/about-us\/\"]}]},{\"@type\":\"BreadcrumbList\",\"@id\":\"https:\/\/brienner13.de\/en\/about-us\/#breadcrumb\",\"itemListElement\":[{\"@type\":\"ListItem\",\"position\":1,\"name\":\"Startseite\",\"item\":\"https:\/\/brienner13.de\/en\/\"},{\"@type\":\"ListItem\",\"position\":2,\"name\":\"About us\"}]},{\"@type\":\"WebSite\",\"@id\":\"https:\/\/brienner13.de\/#website\",\"url\":\"https:\/\/brienner13.de\/\",\"name\":\"Notare Wicke Herrler\",\"description\":\"Ihr Notar in M\u00fcnchen\",\"publisher\":{\"@id\":\"https:\/\/brienner13.de\/#organization\"},\"potentialAction\":[{\"@type\":\"SearchAction\",\"target\":{\"@type\":\"EntryPoint\",\"urlTemplate\":\"https:\/\/brienner13.de\/?s={search_term_string}\"},\"query-input\":{\"@type\":\"PropertyValueSpecification\",\"valueRequired\":true,\"valueName\":\"search_term_string\"}}],\"inLanguage\":\"en-US\"},{\"@type\":\"Organization\",\"@id\":\"https:\/\/brienner13.de\/#organization\",\"name\":\"Wicke Herrler Notare\",\"url\":\"https:\/\/brienner13.de\/\",\"logo\":{\"@type\":\"ImageObject\",\"inLanguage\":\"en-US\",\"@id\":\"https:\/\/brienner13.de\/#\/schema\/logo\/image\/\",\"url\":\"https:\/\/brienner13.de\/wp-content\/uploads\/2019\/07\/Wicke_Herrler_Logo_web.jpg\",\"contentUrl\":\"https:\/\/brienner13.de\/wp-content\/uploads\/2019\/07\/Wicke_Herrler_Logo_web.jpg\",\"width\":400,\"height\":390,\"caption\":\"Wicke Herrler Notare\"},\"image\":{\"@id\":\"https:\/\/brienner13.de\/#\/schema\/logo\/image\/\"}}]}<\/script>\n<!-- \/ Yoast SEO plugin. -->","yoast_head_json":{"title":"About us | Notare Wicke Herrler","description":"Gro\u00dfe Einsatzbereitschaft, Klientenfreundlichkeit sowie eine unkomplizierte und z\u00fcgige Abwicklung der Urkundsgesch\u00e4fte sind f\u00fcr uns selbstverst\u00e4ndlich.","robots":{"index":"index","follow":"follow","max-snippet":"max-snippet:-1","max-image-preview":"max-image-preview:large","max-video-preview":"max-video-preview:-1"},"canonical":"https:\/\/brienner13.de\/en\/about-us\/","og_locale":"en_US","og_type":"article","og_title":"About us | Notare Wicke Herrler","og_description":"Gro\u00dfe Einsatzbereitschaft, Klientenfreundlichkeit sowie eine unkomplizierte und z\u00fcgige Abwicklung der Urkundsgesch\u00e4fte sind f\u00fcr uns selbstverst\u00e4ndlich.","og_url":"https:\/\/brienner13.de\/en\/about-us\/","og_site_name":"Notare Wicke Herrler","article_modified_time":"2019-11-12T15:19:56+00:00","twitter_card":"summary_large_image","twitter_misc":{"Est. reading time":"2 minutes"},"schema":{"@context":"https:\/\/schema.org","@graph":[{"@type":"WebPage","@id":"https:\/\/brienner13.de\/en\/about-us\/","url":"https:\/\/brienner13.de\/en\/about-us\/","name":"About us | Notare Wicke Herrler","isPartOf":{"@id":"https:\/\/brienner13.de\/#website"},"datePublished":"2019-07-18T09:50:36+00:00","dateModified":"2019-11-12T15:19:56+00:00","description":"Gro\u00dfe Einsatzbereitschaft, Klientenfreundlichkeit sowie eine unkomplizierte und z\u00fcgige Abwicklung der Urkundsgesch\u00e4fte sind f\u00fcr uns selbstverst\u00e4ndlich.","breadcrumb":{"@id":"https:\/\/brienner13.de\/en\/about-us\/#breadcrumb"},"inLanguage":"en-US","potentialAction":[{"@type":"ReadAction","target":["https:\/\/brienner13.de\/en\/about-us\/"]}]},{"@type":"BreadcrumbList","@id":"https:\/\/brienner13.de\/en\/about-us\/#breadcrumb","itemListElement":[{"@type":"ListItem","position":1,"name":"Startseite","item":"https:\/\/brienner13.de\/en\/"},{"@type":"ListItem","position":2,"name":"About us"}]},{"@type":"WebSite","@id":"https:\/\/brienner13.de\/#website","url":"https:\/\/brienner13.de\/","name":"Notare Wicke Herrler","description":"Ihr Notar in M\u00fcnchen","publisher":{"@id":"https:\/\/brienner13.de\/#organization"},"potentialAction":[{"@type":"SearchAction","target":{"@type":"EntryPoint","urlTemplate":"https:\/\/brienner13.de\/?s={search_term_string}"},"query-input":{"@type":"PropertyValueSpecification","valueRequired":true,"valueName":"search_term_string"}}],"inLanguage":"en-US"},{"@type":"Organization","@id":"https:\/\/brienner13.de\/#organization","name":"Wicke Herrler Notare","url":"https:\/\/brienner13.de\/","logo":{"@type":"ImageObject","inLanguage":"en-US","@id":"https:\/\/brienner13.de\/#\/schema\/logo\/image\/","url":"https:\/\/brienner13.de\/wp-content\/uploads\/2019\/07\/Wicke_Herrler_Logo_web.jpg","contentUrl":"https:\/\/brienner13.de\/wp-content\/uploads\/2019\/07\/Wicke_Herrler_Logo_web.jpg","width":400,"height":390,"caption":"Wicke Herrler Notare"},"image":{"@id":"https:\/\/brienner13.de\/#\/schema\/logo\/image\/"}}]}},"_links":{"self":[{"href":"https:\/\/brienner13.de\/en\/wp-json\/wp\/v2\/pages\/79343","targetHints":{"allow":["GET"]}}],"collection":[{"href":"https:\/\/brienner13.de\/en\/wp-json\/wp\/v2\/pages"}],"about":[{"href":"https:\/\/brienner13.de\/en\/wp-json\/wp\/v2\/types\/page"}],"author":[{"embeddable":true,"href":"https:\/\/brienner13.de\/en\/wp-json\/wp\/v2\/users\/1"}],"replies":[{"embeddable":true,"href":"https:\/\/brienner13.de\/en\/wp-json\/wp\/v2\/comments?post=79343"}],"version-history":[{"count":7,"href":"https:\/\/brienner13.de\/en\/wp-json\/wp\/v2\/pages\/79343\/revisions"}],"predecessor-version":[{"id":79620,"href":"https:\/\/brienner13.de\/en\/wp-json\/wp\/v2\/pages\/79343\/revisions\/79620"}],"wp:attachment":[{"href":"https:\/\/brienner13.de\/en\/wp-json\/wp\/v2\/media?parent=79343"}],"curies":[{"name":"wp","href":"https:\/\/api.w.org\/{rel}","templated":true}]}}