{"id":79388,"date":"2019-07-19T09:38:10","date_gmt":"2019-07-19T07:38:10","guid":{"rendered":"https:\/\/brienner13.de\/geschichte-des-notariats\/"},"modified":"2019-12-17T08:55:27","modified_gmt":"2019-12-17T07:55:27","slug":"history-of-the-office","status":"publish","type":"page","link":"https:\/\/brienner13.de\/en\/history-of-the-office\/","title":{"rendered":"History of the office"},"content":{"rendered":"<div class=\"wpb-content-wrapper\"><p>[vc_row unlock_row_content=&#8221;yes&#8221; row_height_percent=&#8221;0&#8243; override_padding=&#8221;yes&#8221; h_padding=&#8221;7&#8243; top_padding=&#8221;3&#8243; bottom_padding=&#8221;5&#8243; overlay_alpha=&#8221;50&#8243; gutter_size=&#8221;4&#8243; column_width_use_pixel=&#8221;yes&#8221; shift_y=&#8221;0&#8243; z_index=&#8221;0&#8243; el_class=&#8221;inverted-device-order&#8221; column_width_pixel=&#8221;1600&#8243; row_name=&#8221;start&#8221;][vc_column width=&#8221;1\/1&#8243;][vc_custom_heading text_color=&#8221;accent&#8221;]The long tradition of our notary\u2019s office[\/vc_custom_heading][vc_column_text text_lead=&#8221;yes&#8221;]<\/p>\n<hr class=\"separator-break\" \/>\n<p>In the year 1900, this office was described as Notary\u2019s Office Munich VI, though the Roman numeral does not denote its foundation or anything else.[\/vc_column_text][vc_column_text text_lead=&#8221;yes&#8221;]<\/p>\n<p style=\"font-family: Source Sans Pro;\">The list of predecessors in office can be reconstructed exactly:<\/p>\n<p>[\/vc_column_text][vc_column_text text_lead=&#8221;yes&#8221;]<\/p>\n<p style=\"font-family: Source Sans Pro;\">1862 \u2013 1873 <span style=\"margin-left: 20px;\">Anton Schlichth\u00f6rle<\/span><br \/>\n1875 \u2013 1900 <span style=\"margin-left: 20px;\">August Otto<\/span><br \/>\n1900 \u2013 1902 <span style=\"margin-left: 20px;\">Otto von R\u00fccker<\/span><br \/>\n1902 \u2013 1930 <span style=\"margin-left: 20px;\">Anton Boeck<\/span><br \/>\n1930 \u2013 1935 <span style=\"margin-left: 20px;\">Dr. Julius Keim<\/span><br \/>\n1935 \u2013 1953 <span style=\"margin-left: 20px;\">Peter G\u00f6tz (in partnership with Munich I, Dr. Feyock)<\/span><br \/>\n1953 \u2013 1974 <span style=\"margin-left: 20px;\">Dr. Karl Friedrich Dr. Karl Friedrich (first in partnership with Munich I, Dr. Feyock, then with Dr. Emil Beck)<\/span><br \/>\n1975 \u2013 1995 <span style=\"margin-left: 20px;\">Rainer Scholz<\/span><br \/>\n1995 \u2013 2006 <span style=\"margin-left: 20px;\">Dr. Wolfram Eckhardt<\/span><br \/>\nseit 2006 <span style=\"margin-left: 41px;\">Prof. Dr. Hartmut Wicke<\/span><\/p>\n<p>[\/vc_column_text][vc_column_text text_lead=&#8221;yes&#8221;]<\/p>\n<p style=\"font-family: Source Sans Pro;\">The aforementioned partnership with the notary\u2019s office of Munich I was entered into after the war, but already existed in any case in the year 1950. When the president of the Bavarian Chamber of Notaries and Notary Account, Dr. Feyock, retired, the partnership was broken up by decree and the two old offices Munich I and Munich VI were each connected to a new office. Dr. Emil Beck became the associate of Dr. Karl Friedrich.<\/p>\n<p>[\/vc_column_text][vc_column_text text_lead=&#8221;yes&#8221;]<\/p>\n<p style=\"font-family: Source Sans Pro;\">1971- 2001 <span style=\"margin-left: 20px;\">Dr. Emil Beck<\/span><br \/>\n2001- 2014 <span style=\"margin-left: 20px;\">Rudolf Spoerer<br \/>\n<\/span>\u00a0&#8211; 2014<span style=\"margin-left: 52px;\">Sebastian Herrler<\/span><\/p>\n<p>[\/vc_column_text][\/vc_column][\/vc_row]<\/p>\n<\/div>","protected":false},"excerpt":{"rendered":"<p>[vc_row unlock_row_content=&#8221;yes&#8221; row_height_percent=&#8221;0&#8243; override_padding=&#8221;yes&#8221; h_padding=&#8221;7&#8243; top_padding=&#8221;3&#8243; bottom_padding=&#8221;5&#8243; overlay_alpha=&#8221;50&#8243; gutter_size=&#8221;4&#8243; column_width_use_pixel=&#8221;yes&#8221; shift_y=&#8221;0&#8243; z_index=&#8221;0&#8243; el_class=&#8221;inverted-device-order&#8221; column_width_pixel=&#8221;1600&#8243; row_name=&#8221;start&#8221;][vc_column width=&#8221;1\/1&#8243;][vc_custom_heading text_color=&#8221;accent&#8221;]The long tradition of [&hellip;]<\/p>\n","protected":false},"author":1,"featured_media":79347,"parent":0,"menu_order":0,"comment_status":"closed","ping_status":"closed","template":"","meta":{"footnotes":""},"class_list":["post-79388","page","type-page","status-publish","has-post-thumbnail","hentry"],"yoast_head":"<!-- This site is optimized with the Yoast SEO plugin v25.4 - https:\/\/yoast.com\/wordpress\/plugins\/seo\/ -->\n<title>History of the office | Notare Wicke Herrler<\/title>\n<meta name=\"description\" content=\"Mit Stolz k\u00f6nnen wir auf eine lange Tradition unseres Notariats zur\u00fcck blicken. Eine der beiden Stellen besteht im Herzen M\u00fcnchens bereits seit 1.Juli 1862.\" \/>\n<meta name=\"robots\" content=\"index, follow, max-snippet:-1, max-image-preview:large, max-video-preview:-1\" \/>\n<link rel=\"canonical\" href=\"https:\/\/brienner13.de\/en\/history-of-the-office\/\" \/>\n<meta property=\"og:locale\" content=\"en_US\" \/>\n<meta property=\"og:type\" content=\"article\" \/>\n<meta property=\"og:title\" content=\"History of the office | Notare Wicke Herrler\" \/>\n<meta property=\"og:description\" content=\"Mit Stolz k\u00f6nnen wir auf eine lange Tradition unseres Notariats zur\u00fcck blicken. Eine der beiden Stellen besteht im Herzen M\u00fcnchens bereits seit 1.Juli 1862.\" \/>\n<meta property=\"og:url\" content=\"https:\/\/brienner13.de\/en\/history-of-the-office\/\" \/>\n<meta property=\"og:site_name\" content=\"Notare Wicke Herrler\" \/>\n<meta property=\"article:modified_time\" content=\"2019-12-17T07:55:27+00:00\" \/>\n<meta property=\"og:image\" content=\"https:\/\/brienner13.de\/wp-content\/uploads\/2019\/02\/HP-Classic-Lawyer-Uncode-min.jpg\" \/>\n\t<meta property=\"og:image:width\" content=\"1600\" \/>\n\t<meta property=\"og:image:height\" content=\"1067\" \/>\n\t<meta property=\"og:image:type\" content=\"image\/jpeg\" \/>\n<meta name=\"twitter:card\" content=\"summary_large_image\" \/>\n<meta name=\"twitter:label1\" content=\"Est. reading time\" \/>\n\t<meta name=\"twitter:data1\" content=\"1 minute\" \/>\n<script type=\"application\/ld+json\" class=\"yoast-schema-graph\">{\"@context\":\"https:\/\/schema.org\",\"@graph\":[{\"@type\":\"WebPage\",\"@id\":\"https:\/\/brienner13.de\/en\/history-of-the-office\/\",\"url\":\"https:\/\/brienner13.de\/en\/history-of-the-office\/\",\"name\":\"History of the office | Notare Wicke Herrler\",\"isPartOf\":{\"@id\":\"https:\/\/brienner13.de\/#website\"},\"primaryImageOfPage\":{\"@id\":\"https:\/\/brienner13.de\/en\/history-of-the-office\/#primaryimage\"},\"image\":{\"@id\":\"https:\/\/brienner13.de\/en\/history-of-the-office\/#primaryimage\"},\"thumbnailUrl\":\"https:\/\/brienner13.de\/wp-content\/uploads\/2019\/02\/HP-Classic-Lawyer-Uncode-min.jpg\",\"datePublished\":\"2019-07-19T07:38:10+00:00\",\"dateModified\":\"2019-12-17T07:55:27+00:00\",\"description\":\"Mit Stolz k\u00f6nnen wir auf eine lange Tradition unseres Notariats zur\u00fcck blicken. Eine der beiden Stellen besteht im Herzen M\u00fcnchens bereits seit 1.Juli 1862.\",\"breadcrumb\":{\"@id\":\"https:\/\/brienner13.de\/en\/history-of-the-office\/#breadcrumb\"},\"inLanguage\":\"en-US\",\"potentialAction\":[{\"@type\":\"ReadAction\",\"target\":[\"https:\/\/brienner13.de\/en\/history-of-the-office\/\"]}]},{\"@type\":\"ImageObject\",\"inLanguage\":\"en-US\",\"@id\":\"https:\/\/brienner13.de\/en\/history-of-the-office\/#primaryimage\",\"url\":\"https:\/\/brienner13.de\/wp-content\/uploads\/2019\/02\/HP-Classic-Lawyer-Uncode-min.jpg\",\"contentUrl\":\"https:\/\/brienner13.de\/wp-content\/uploads\/2019\/02\/HP-Classic-Lawyer-Uncode-min.jpg\",\"width\":1600,\"height\":1067},{\"@type\":\"BreadcrumbList\",\"@id\":\"https:\/\/brienner13.de\/en\/history-of-the-office\/#breadcrumb\",\"itemListElement\":[{\"@type\":\"ListItem\",\"position\":1,\"name\":\"Startseite\",\"item\":\"https:\/\/brienner13.de\/en\/\"},{\"@type\":\"ListItem\",\"position\":2,\"name\":\"History of the office\"}]},{\"@type\":\"WebSite\",\"@id\":\"https:\/\/brienner13.de\/#website\",\"url\":\"https:\/\/brienner13.de\/\",\"name\":\"Notare Wicke Herrler\",\"description\":\"Ihr Notar in M\u00fcnchen\",\"publisher\":{\"@id\":\"https:\/\/brienner13.de\/#organization\"},\"potentialAction\":[{\"@type\":\"SearchAction\",\"target\":{\"@type\":\"EntryPoint\",\"urlTemplate\":\"https:\/\/brienner13.de\/?s={search_term_string}\"},\"query-input\":{\"@type\":\"PropertyValueSpecification\",\"valueRequired\":true,\"valueName\":\"search_term_string\"}}],\"inLanguage\":\"en-US\"},{\"@type\":\"Organization\",\"@id\":\"https:\/\/brienner13.de\/#organization\",\"name\":\"Wicke Herrler Notare\",\"url\":\"https:\/\/brienner13.de\/\",\"logo\":{\"@type\":\"ImageObject\",\"inLanguage\":\"en-US\",\"@id\":\"https:\/\/brienner13.de\/#\/schema\/logo\/image\/\",\"url\":\"https:\/\/brienner13.de\/wp-content\/uploads\/2019\/07\/Wicke_Herrler_Logo_web.jpg\",\"contentUrl\":\"https:\/\/brienner13.de\/wp-content\/uploads\/2019\/07\/Wicke_Herrler_Logo_web.jpg\",\"width\":400,\"height\":390,\"caption\":\"Wicke Herrler Notare\"},\"image\":{\"@id\":\"https:\/\/brienner13.de\/#\/schema\/logo\/image\/\"}}]}<\/script>\n<!-- \/ Yoast SEO plugin. -->","yoast_head_json":{"title":"History of the office | Notare Wicke Herrler","description":"Mit Stolz k\u00f6nnen wir auf eine lange Tradition unseres Notariats zur\u00fcck blicken. Eine der beiden Stellen besteht im Herzen M\u00fcnchens bereits seit 1.Juli 1862.","robots":{"index":"index","follow":"follow","max-snippet":"max-snippet:-1","max-image-preview":"max-image-preview:large","max-video-preview":"max-video-preview:-1"},"canonical":"https:\/\/brienner13.de\/en\/history-of-the-office\/","og_locale":"en_US","og_type":"article","og_title":"History of the office | Notare Wicke Herrler","og_description":"Mit Stolz k\u00f6nnen wir auf eine lange Tradition unseres Notariats zur\u00fcck blicken. Eine der beiden Stellen besteht im Herzen M\u00fcnchens bereits seit 1.Juli 1862.","og_url":"https:\/\/brienner13.de\/en\/history-of-the-office\/","og_site_name":"Notare Wicke Herrler","article_modified_time":"2019-12-17T07:55:27+00:00","og_image":[{"width":1600,"height":1067,"url":"https:\/\/brienner13.de\/wp-content\/uploads\/2019\/02\/HP-Classic-Lawyer-Uncode-min.jpg","type":"image\/jpeg"}],"twitter_card":"summary_large_image","twitter_misc":{"Est. reading time":"1 minute"},"schema":{"@context":"https:\/\/schema.org","@graph":[{"@type":"WebPage","@id":"https:\/\/brienner13.de\/en\/history-of-the-office\/","url":"https:\/\/brienner13.de\/en\/history-of-the-office\/","name":"History of the office | Notare Wicke Herrler","isPartOf":{"@id":"https:\/\/brienner13.de\/#website"},"primaryImageOfPage":{"@id":"https:\/\/brienner13.de\/en\/history-of-the-office\/#primaryimage"},"image":{"@id":"https:\/\/brienner13.de\/en\/history-of-the-office\/#primaryimage"},"thumbnailUrl":"https:\/\/brienner13.de\/wp-content\/uploads\/2019\/02\/HP-Classic-Lawyer-Uncode-min.jpg","datePublished":"2019-07-19T07:38:10+00:00","dateModified":"2019-12-17T07:55:27+00:00","description":"Mit Stolz k\u00f6nnen wir auf eine lange Tradition unseres Notariats zur\u00fcck blicken. Eine der beiden Stellen besteht im Herzen M\u00fcnchens bereits seit 1.Juli 1862.","breadcrumb":{"@id":"https:\/\/brienner13.de\/en\/history-of-the-office\/#breadcrumb"},"inLanguage":"en-US","potentialAction":[{"@type":"ReadAction","target":["https:\/\/brienner13.de\/en\/history-of-the-office\/"]}]},{"@type":"ImageObject","inLanguage":"en-US","@id":"https:\/\/brienner13.de\/en\/history-of-the-office\/#primaryimage","url":"https:\/\/brienner13.de\/wp-content\/uploads\/2019\/02\/HP-Classic-Lawyer-Uncode-min.jpg","contentUrl":"https:\/\/brienner13.de\/wp-content\/uploads\/2019\/02\/HP-Classic-Lawyer-Uncode-min.jpg","width":1600,"height":1067},{"@type":"BreadcrumbList","@id":"https:\/\/brienner13.de\/en\/history-of-the-office\/#breadcrumb","itemListElement":[{"@type":"ListItem","position":1,"name":"Startseite","item":"https:\/\/brienner13.de\/en\/"},{"@type":"ListItem","position":2,"name":"History of the office"}]},{"@type":"WebSite","@id":"https:\/\/brienner13.de\/#website","url":"https:\/\/brienner13.de\/","name":"Notare Wicke Herrler","description":"Ihr Notar in M\u00fcnchen","publisher":{"@id":"https:\/\/brienner13.de\/#organization"},"potentialAction":[{"@type":"SearchAction","target":{"@type":"EntryPoint","urlTemplate":"https:\/\/brienner13.de\/?s={search_term_string}"},"query-input":{"@type":"PropertyValueSpecification","valueRequired":true,"valueName":"search_term_string"}}],"inLanguage":"en-US"},{"@type":"Organization","@id":"https:\/\/brienner13.de\/#organization","name":"Wicke Herrler Notare","url":"https:\/\/brienner13.de\/","logo":{"@type":"ImageObject","inLanguage":"en-US","@id":"https:\/\/brienner13.de\/#\/schema\/logo\/image\/","url":"https:\/\/brienner13.de\/wp-content\/uploads\/2019\/07\/Wicke_Herrler_Logo_web.jpg","contentUrl":"https:\/\/brienner13.de\/wp-content\/uploads\/2019\/07\/Wicke_Herrler_Logo_web.jpg","width":400,"height":390,"caption":"Wicke Herrler Notare"},"image":{"@id":"https:\/\/brienner13.de\/#\/schema\/logo\/image\/"}}]}},"_links":{"self":[{"href":"https:\/\/brienner13.de\/en\/wp-json\/wp\/v2\/pages\/79388","targetHints":{"allow":["GET"]}}],"collection":[{"href":"https:\/\/brienner13.de\/en\/wp-json\/wp\/v2\/pages"}],"about":[{"href":"https:\/\/brienner13.de\/en\/wp-json\/wp\/v2\/types\/page"}],"author":[{"embeddable":true,"href":"https:\/\/brienner13.de\/en\/wp-json\/wp\/v2\/users\/1"}],"replies":[{"embeddable":true,"href":"https:\/\/brienner13.de\/en\/wp-json\/wp\/v2\/comments?post=79388"}],"version-history":[{"count":4,"href":"https:\/\/brienner13.de\/en\/wp-json\/wp\/v2\/pages\/79388\/revisions"}],"predecessor-version":[{"id":79629,"href":"https:\/\/brienner13.de\/en\/wp-json\/wp\/v2\/pages\/79388\/revisions\/79629"}],"wp:featuredmedia":[{"embeddable":true,"href":"https:\/\/brienner13.de\/en\/wp-json\/wp\/v2\/media\/79347"}],"wp:attachment":[{"href":"https:\/\/brienner13.de\/en\/wp-json\/wp\/v2\/media?parent=79388"}],"curies":[{"name":"wp","href":"https:\/\/api.w.org\/{rel}","templated":true}]}}