{"id":79439,"date":"2019-07-22T09:56:31","date_gmt":"2019-07-22T07:56:31","guid":{"rendered":"https:\/\/brienner13.de\/immobilienrecht\/"},"modified":"2019-11-12T16:13:44","modified_gmt":"2019-11-12T15:13:44","slug":"real-estate-law","status":"publish","type":"page","link":"https:\/\/brienner13.de\/en\/real-estate-law\/","title":{"rendered":"Real estate law"},"content":{"rendered":"<div class=\"wpb-content-wrapper\"><p>[vc_row row_height_percent=&#8221;0&#8243; override_padding=&#8221;yes&#8221; h_padding=&#8221;4&#8243; top_padding=&#8221;3&#8243; bottom_padding=&#8221;2&#8243; overlay_alpha=&#8221;50&#8243; gutter_size=&#8221;3&#8243; column_width_percent=&#8221;100&#8243; shift_y=&#8221;0&#8243; z_index=&#8221;0&#8243; row_name=&#8221;start&#8221;][vc_column width=&#8221;1\/1&#8243;][vc_custom_heading text_size=&#8221;&#8221; text_color=&#8221;accent&#8221;]Real estate in legal relations[\/vc_custom_heading][vc_column_text el_class=&#8221;text-lead&#8221;]<\/p>\n<hr class=\"separator-break\" \/>\n<p>Real estate law is among the focal points of notarial practice. A notary drafts and certifies for example purchase contracts for properties, houses and freehold flats. The purchase of a piece of real estate is not an everyday transaction and differs considerably from an ordinary purchase contract in its legal form and in its associated risks. A notary is familiar with established contract clauses; he constantly adjusts them to new laws and court decisions, takes into account individual needs of the parties, and bears in mind the facts of the individual case.<\/p>\n<p>After careful determination of the facts, the necessary contractual texts are worked out and certified, and the parties are attended to during the process. The notary procures e.g. necessary official authorisations, pays attention to the cancellation of rights in the land register, and protects the buyer from unsecured advance payments by registering cautions and supervising purchase payments. To ensure the financing of real estate, a notary certifies land charges and mortgages.<\/p>\n<p>[\/vc_column_text][\/vc_column][\/vc_row][vc_row row_height_percent=&#8221;0&#8243; override_padding=&#8221;yes&#8221; h_padding=&#8221;4&#8243; top_padding=&#8221;2&#8243; bottom_padding=&#8221;2&#8243; overlay_alpha=&#8221;50&#8243; gutter_size=&#8221;3&#8243; column_width_percent=&#8221;100&#8243; shift_y=&#8221;0&#8243; z_index=&#8221;0&#8243;][vc_column width=&#8221;1\/1&#8243;][vc_custom_heading text_size=&#8221;&#8221; text_color=&#8221;accent&#8221;]Developer contracts[\/vc_custom_heading][vc_column_text el_class=&#8221;text-lead&#8221;]<\/p>\n<hr class=\"separator-break\" \/>\n<p>Often houses or apartments are sold which have not yet been completed or must be renovated by the seller. In this case, the parties conclude a developer contract. This is a purchase contract for a property or a freehold flat with the additional feature that the included building \u2013 house or apartment \u2013 has to be constructed afterwards, at least partially, by the seller as a developer. The manner of construction is given by the specifications and the plans. Risks to the parties should be avoided in all stages of the contract procedure during legal organisation.<\/p>\n<p>The connection between purchase contract and service contract with joint certification causes a land purchase tax as well for the section intended for construction. It is, however, exempt from the value-added tax. One advantage of the developer contract is that the purchase contract and service contract form a unified contract. If the contracts are separated (first property purchase, then contract for construction of a building), significant risks threaten the buyer. To avoid these, the following points are regulated in the developer contract, in addition to the general conditions and securities of the property purchase contract:<\/p>\n<p>Purchase price payments based only on construction progress,<br \/>\nSchedule and extent of the construction,<br \/>\nSpecial requests of the buyer during construction.<\/p>\n<p>You can find additional information on the content of a developer contract in the developers\u2019 leaflet of the Bavarian Chamber of Notaries.<\/p>\n<p>[\/vc_column_text][\/vc_column][\/vc_row][vc_row row_height_percent=&#8221;0&#8243; override_padding=&#8221;yes&#8221; h_padding=&#8221;4&#8243; top_padding=&#8221;2&#8243; bottom_padding=&#8221;4&#8243; overlay_alpha=&#8221;50&#8243; gutter_size=&#8221;3&#8243; column_width_percent=&#8221;100&#8243; shift_y=&#8221;0&#8243; z_index=&#8221;0&#8243;][vc_column width=&#8221;1\/1&#8243;][vc_custom_heading text_size=&#8221;&#8221; text_color=&#8221;accent&#8221;]Professional investors[\/vc_custom_heading][vc_column_text el_class=&#8221;text-lead&#8221;]<\/p>\n<hr class=\"separator-break\" \/>\n<p style=\"font-family: Source Sans Pro;\">As a professional investor, you often use more complex models for investment in real estate. Perhaps you are thinking about opening a real estate investment fund right now, or launching one in your proximate circle. You know about the possibilities in real estate leasing offers and are familiar with the advantages of building lease law in commerce. In this connection, you use special means of financing and are familiar with public support programmes. As notaries, we will gladly advise you and develop a concept together with you that suits your individual needs. Our know-how in specialised areas of the real estate business and our organisational involvement in the structures important for real estate transactions will be of great help.<\/p>\n<p>[\/vc_column_text][\/vc_column][\/vc_row][vc_row row_height_percent=&#8221;0&#8243; override_padding=&#8221;yes&#8221; h_padding=&#8221;4&#8243; top_padding=&#8221;2&#8243; bottom_padding=&#8221;4&#8243; overlay_alpha=&#8221;50&#8243; gutter_size=&#8221;3&#8243; column_width_percent=&#8221;100&#8243; shift_y=&#8221;0&#8243; z_index=&#8221;0&#8243; shape_dividers=&#8221;&#8221;][vc_column width=&#8221;1\/1&#8243;][vc_custom_heading text_size=&#8221;&#8221; text_color=&#8221;accent&#8221;]Anticipated succession[\/vc_custom_heading][vc_column_text el_class=&#8221;text-lead&#8221;]<\/p>\n<hr class=\"separator-break\" \/>\n<p style=\"font-family: Source Sans Pro;\">A notary is additionally at your disposal for consulting on real estate endowments, such as for example in connection with an anticipated succession. Since the post-World War II generation created assets values of 8.400 billion Euros (of which barely half are in the form of real estate), the transfer of such life-time achievements to family members, whether in the form of private or business assets, plays a prominent role in notarial practice. The sensitive disclosure of mutual expectations and fears, as well as safeguarding through reliable contract organisation is a particular concern of ours in this regard. The assessment of the tax situation and, if necessary, asset protection against access by creditors and social assistance authorities is always of central importance.<\/p>\n<p>[\/vc_column_text][\/vc_column][\/vc_row]<\/p>\n<\/div>","protected":false},"excerpt":{"rendered":"<p>[vc_row row_height_percent=&#8221;0&#8243; override_padding=&#8221;yes&#8221; h_padding=&#8221;4&#8243; top_padding=&#8221;3&#8243; bottom_padding=&#8221;2&#8243; overlay_alpha=&#8221;50&#8243; gutter_size=&#8221;3&#8243; column_width_percent=&#8221;100&#8243; shift_y=&#8221;0&#8243; z_index=&#8221;0&#8243; row_name=&#8221;start&#8221;][vc_column width=&#8221;1\/1&#8243;][vc_custom_heading text_size=&#8221;&#8221; text_color=&#8221;accent&#8221;]Real estate in legal relations[\/vc_custom_heading][vc_column_text el_class=&#8221;text-lead&#8221;] [&hellip;]<\/p>\n","protected":false},"author":1,"featured_media":0,"parent":0,"menu_order":0,"comment_status":"closed","ping_status":"closed","template":"","meta":{"footnotes":""},"class_list":["post-79439","page","type-page","status-publish","hentry"],"yoast_head":"<!-- This site is optimized with the Yoast SEO plugin v25.4 - https:\/\/yoast.com\/wordpress\/plugins\/seo\/ -->\n<title>Real estate law | Notare Wicke Herrler<\/title>\n<meta name=\"description\" content=\"Das Immobilienrecht z\u00e4hlt zu den Schwerpunkten der notariellen T\u00e4tigkeit. Der Notar entwirft und beurkundet Kaufvertr\u00e4ge f\u00fcr Immobilien aller Art.\" \/>\n<meta name=\"robots\" content=\"index, follow, max-snippet:-1, max-image-preview:large, max-video-preview:-1\" \/>\n<link rel=\"canonical\" href=\"https:\/\/brienner13.de\/en\/real-estate-law\/\" \/>\n<meta property=\"og:locale\" content=\"en_US\" \/>\n<meta property=\"og:type\" content=\"article\" \/>\n<meta property=\"og:title\" content=\"Real estate law | Notare Wicke Herrler\" \/>\n<meta property=\"og:description\" content=\"Das Immobilienrecht z\u00e4hlt zu den Schwerpunkten der notariellen T\u00e4tigkeit. Der Notar entwirft und beurkundet Kaufvertr\u00e4ge f\u00fcr Immobilien aller Art.\" \/>\n<meta property=\"og:url\" content=\"https:\/\/brienner13.de\/en\/real-estate-law\/\" \/>\n<meta property=\"og:site_name\" content=\"Notare Wicke Herrler\" \/>\n<meta property=\"article:modified_time\" content=\"2019-11-12T15:13:44+00:00\" \/>\n<meta name=\"twitter:card\" content=\"summary_large_image\" \/>\n<meta name=\"twitter:label1\" content=\"Est. reading time\" \/>\n\t<meta name=\"twitter:data1\" content=\"4 minutes\" \/>\n<script type=\"application\/ld+json\" class=\"yoast-schema-graph\">{\"@context\":\"https:\/\/schema.org\",\"@graph\":[{\"@type\":\"WebPage\",\"@id\":\"https:\/\/brienner13.de\/en\/real-estate-law\/\",\"url\":\"https:\/\/brienner13.de\/en\/real-estate-law\/\",\"name\":\"Real estate law | Notare Wicke Herrler\",\"isPartOf\":{\"@id\":\"https:\/\/brienner13.de\/#website\"},\"datePublished\":\"2019-07-22T07:56:31+00:00\",\"dateModified\":\"2019-11-12T15:13:44+00:00\",\"description\":\"Das Immobilienrecht z\u00e4hlt zu den Schwerpunkten der notariellen T\u00e4tigkeit. Der Notar entwirft und beurkundet Kaufvertr\u00e4ge f\u00fcr Immobilien aller Art.\",\"breadcrumb\":{\"@id\":\"https:\/\/brienner13.de\/en\/real-estate-law\/#breadcrumb\"},\"inLanguage\":\"en-US\",\"potentialAction\":[{\"@type\":\"ReadAction\",\"target\":[\"https:\/\/brienner13.de\/en\/real-estate-law\/\"]}]},{\"@type\":\"BreadcrumbList\",\"@id\":\"https:\/\/brienner13.de\/en\/real-estate-law\/#breadcrumb\",\"itemListElement\":[{\"@type\":\"ListItem\",\"position\":1,\"name\":\"Startseite\",\"item\":\"https:\/\/brienner13.de\/en\/\"},{\"@type\":\"ListItem\",\"position\":2,\"name\":\"Real estate law\"}]},{\"@type\":\"WebSite\",\"@id\":\"https:\/\/brienner13.de\/#website\",\"url\":\"https:\/\/brienner13.de\/\",\"name\":\"Notare Wicke Herrler\",\"description\":\"Ihr Notar in M\u00fcnchen\",\"publisher\":{\"@id\":\"https:\/\/brienner13.de\/#organization\"},\"potentialAction\":[{\"@type\":\"SearchAction\",\"target\":{\"@type\":\"EntryPoint\",\"urlTemplate\":\"https:\/\/brienner13.de\/?s={search_term_string}\"},\"query-input\":{\"@type\":\"PropertyValueSpecification\",\"valueRequired\":true,\"valueName\":\"search_term_string\"}}],\"inLanguage\":\"en-US\"},{\"@type\":\"Organization\",\"@id\":\"https:\/\/brienner13.de\/#organization\",\"name\":\"Wicke Herrler Notare\",\"url\":\"https:\/\/brienner13.de\/\",\"logo\":{\"@type\":\"ImageObject\",\"inLanguage\":\"en-US\",\"@id\":\"https:\/\/brienner13.de\/#\/schema\/logo\/image\/\",\"url\":\"https:\/\/brienner13.de\/wp-content\/uploads\/2019\/07\/Wicke_Herrler_Logo_web.jpg\",\"contentUrl\":\"https:\/\/brienner13.de\/wp-content\/uploads\/2019\/07\/Wicke_Herrler_Logo_web.jpg\",\"width\":400,\"height\":390,\"caption\":\"Wicke Herrler Notare\"},\"image\":{\"@id\":\"https:\/\/brienner13.de\/#\/schema\/logo\/image\/\"}}]}<\/script>\n<!-- \/ Yoast SEO plugin. -->","yoast_head_json":{"title":"Real estate law | Notare Wicke Herrler","description":"Das Immobilienrecht z\u00e4hlt zu den Schwerpunkten der notariellen T\u00e4tigkeit. Der Notar entwirft und beurkundet Kaufvertr\u00e4ge f\u00fcr Immobilien aller Art.","robots":{"index":"index","follow":"follow","max-snippet":"max-snippet:-1","max-image-preview":"max-image-preview:large","max-video-preview":"max-video-preview:-1"},"canonical":"https:\/\/brienner13.de\/en\/real-estate-law\/","og_locale":"en_US","og_type":"article","og_title":"Real estate law | Notare Wicke Herrler","og_description":"Das Immobilienrecht z\u00e4hlt zu den Schwerpunkten der notariellen T\u00e4tigkeit. Der Notar entwirft und beurkundet Kaufvertr\u00e4ge f\u00fcr Immobilien aller Art.","og_url":"https:\/\/brienner13.de\/en\/real-estate-law\/","og_site_name":"Notare Wicke Herrler","article_modified_time":"2019-11-12T15:13:44+00:00","twitter_card":"summary_large_image","twitter_misc":{"Est. reading time":"4 minutes"},"schema":{"@context":"https:\/\/schema.org","@graph":[{"@type":"WebPage","@id":"https:\/\/brienner13.de\/en\/real-estate-law\/","url":"https:\/\/brienner13.de\/en\/real-estate-law\/","name":"Real estate law | Notare Wicke Herrler","isPartOf":{"@id":"https:\/\/brienner13.de\/#website"},"datePublished":"2019-07-22T07:56:31+00:00","dateModified":"2019-11-12T15:13:44+00:00","description":"Das Immobilienrecht z\u00e4hlt zu den Schwerpunkten der notariellen T\u00e4tigkeit. Der Notar entwirft und beurkundet Kaufvertr\u00e4ge f\u00fcr Immobilien aller Art.","breadcrumb":{"@id":"https:\/\/brienner13.de\/en\/real-estate-law\/#breadcrumb"},"inLanguage":"en-US","potentialAction":[{"@type":"ReadAction","target":["https:\/\/brienner13.de\/en\/real-estate-law\/"]}]},{"@type":"BreadcrumbList","@id":"https:\/\/brienner13.de\/en\/real-estate-law\/#breadcrumb","itemListElement":[{"@type":"ListItem","position":1,"name":"Startseite","item":"https:\/\/brienner13.de\/en\/"},{"@type":"ListItem","position":2,"name":"Real estate law"}]},{"@type":"WebSite","@id":"https:\/\/brienner13.de\/#website","url":"https:\/\/brienner13.de\/","name":"Notare Wicke Herrler","description":"Ihr Notar in M\u00fcnchen","publisher":{"@id":"https:\/\/brienner13.de\/#organization"},"potentialAction":[{"@type":"SearchAction","target":{"@type":"EntryPoint","urlTemplate":"https:\/\/brienner13.de\/?s={search_term_string}"},"query-input":{"@type":"PropertyValueSpecification","valueRequired":true,"valueName":"search_term_string"}}],"inLanguage":"en-US"},{"@type":"Organization","@id":"https:\/\/brienner13.de\/#organization","name":"Wicke Herrler Notare","url":"https:\/\/brienner13.de\/","logo":{"@type":"ImageObject","inLanguage":"en-US","@id":"https:\/\/brienner13.de\/#\/schema\/logo\/image\/","url":"https:\/\/brienner13.de\/wp-content\/uploads\/2019\/07\/Wicke_Herrler_Logo_web.jpg","contentUrl":"https:\/\/brienner13.de\/wp-content\/uploads\/2019\/07\/Wicke_Herrler_Logo_web.jpg","width":400,"height":390,"caption":"Wicke Herrler Notare"},"image":{"@id":"https:\/\/brienner13.de\/#\/schema\/logo\/image\/"}}]}},"_links":{"self":[{"href":"https:\/\/brienner13.de\/en\/wp-json\/wp\/v2\/pages\/79439","targetHints":{"allow":["GET"]}}],"collection":[{"href":"https:\/\/brienner13.de\/en\/wp-json\/wp\/v2\/pages"}],"about":[{"href":"https:\/\/brienner13.de\/en\/wp-json\/wp\/v2\/types\/page"}],"author":[{"embeddable":true,"href":"https:\/\/brienner13.de\/en\/wp-json\/wp\/v2\/users\/1"}],"replies":[{"embeddable":true,"href":"https:\/\/brienner13.de\/en\/wp-json\/wp\/v2\/comments?post=79439"}],"version-history":[{"count":4,"href":"https:\/\/brienner13.de\/en\/wp-json\/wp\/v2\/pages\/79439\/revisions"}],"predecessor-version":[{"id":79448,"href":"https:\/\/brienner13.de\/en\/wp-json\/wp\/v2\/pages\/79439\/revisions\/79448"}],"wp:attachment":[{"href":"https:\/\/brienner13.de\/en\/wp-json\/wp\/v2\/media?parent=79439"}],"curies":[{"name":"wp","href":"https:\/\/api.w.org\/{rel}","templated":true}]}}