{"id":79452,"date":"2019-09-20T15:29:04","date_gmt":"2019-09-20T13:29:04","guid":{"rendered":"https:\/\/brienner13.de\/?page_id=79452"},"modified":"2019-09-20T15:32:06","modified_gmt":"2019-09-20T13:32:06","slug":"business-and-corporate-business","status":"publish","type":"page","link":"https:\/\/brienner13.de\/en\/business-and-corporate-business\/","title":{"rendered":"Business and corporate business"},"content":{"rendered":"<div class=\"wpb-content-wrapper\"><p>[vc_row row_height_percent=&#8221;0&#8243; override_padding=&#8221;yes&#8221; h_padding=&#8221;4&#8243; top_padding=&#8221;2&#8243; bottom_padding=&#8221;2&#8243; overlay_alpha=&#8221;50&#8243; gutter_size=&#8221;3&#8243; column_width_percent=&#8221;100&#8243; shift_y=&#8221;0&#8243; z_index=&#8221;0&#8243; row_name=&#8221;start&#8221; shape_dividers=&#8221;&#8221;][vc_column width=&#8221;1\/1&#8243;][vc_custom_heading text_size=&#8221;&#8221; text_color=&#8221;accent&#8221;]Starting business[\/vc_custom_heading][vc_column_text el_class=&#8221;text-lead&#8221;]<\/p>\n<hr class=\"separator-break\" \/>\n<p>The business idea exists from the start. But a businessperson must face countless hurdles before success is within reach. Some of these may be legal in nature. A notary helps to overcome these hurdles; for example, through consulting in the choice of the correct legal form, upon which much depends, like the question of personal liability, the organisation of the company or taxation and accounting.<\/p>\n<p>A businessperson should also make provisions in case of death or keep track of a possible divorce, so that the existence of the company is not endangered. If the company is founded by several people, their various interests must be balanced. A notary drafts a balanced and tailor-made company charter and ensures entry into the trade register, which can today only be requested in electronic form.<\/p>\n<p>[\/vc_column_text][\/vc_column][\/vc_row][vc_row row_height_percent=&#8221;0&#8243; override_padding=&#8221;yes&#8221; h_padding=&#8221;4&#8243; top_padding=&#8221;2&#8243; bottom_padding=&#8221;3&#8243; overlay_alpha=&#8221;50&#8243; gutter_size=&#8221;3&#8243; column_width_percent=&#8221;100&#8243; shift_y=&#8221;0&#8243; z_index=&#8221;0&#8243;][vc_column width=&#8221;1\/1&#8243;][vc_custom_heading text_size=&#8221;&#8221; text_color=&#8221;accent&#8221;]Restructuring, acquisition, and sale of companies[\/vc_custom_heading][vc_column_text el_class=&#8221;text-lead&#8221;]<\/p>\n<hr class=\"separator-break\" \/>\n<p style=\"font-family: Source Sans Pro;\">Companies today exist within a constantly changing market which continuously develops new tax-related and legal conditions. A businessperson must therefore regularly check whether his company structure is still as suitable as it was in the past. The law offers countless opportunities to switch from one form of corporate organisation to another. Besides the change in legal form, a merger with another company or the separation of one business section may be necessary. Business decisions of particular importance are the acquisition or sale of the company or of parts of the company, especially in connection with succession planning. Therefore clear-sighted contract organisation and careful supervision is necessary to minimise risks. A notary can advise you in all these cases, often together with domestic or foreign solicitors, certified accountants and tax consultants.<\/p>\n<p>[\/vc_column_text][\/vc_column][\/vc_row]<\/p>\n<\/div>","protected":false},"excerpt":{"rendered":"<p>[vc_row row_height_percent=&#8221;0&#8243; override_padding=&#8221;yes&#8221; h_padding=&#8221;4&#8243; top_padding=&#8221;2&#8243; bottom_padding=&#8221;2&#8243; overlay_alpha=&#8221;50&#8243; gutter_size=&#8221;3&#8243; column_width_percent=&#8221;100&#8243; shift_y=&#8221;0&#8243; z_index=&#8221;0&#8243; row_name=&#8221;start&#8221; shape_dividers=&#8221;&#8221;][vc_column width=&#8221;1\/1&#8243;][vc_custom_heading text_size=&#8221;&#8221; text_color=&#8221;accent&#8221;]Starting business[\/vc_custom_heading][vc_column_text el_class=&#8221;text-lead&#8221;] The business [&hellip;]<\/p>\n","protected":false},"author":1,"featured_media":0,"parent":0,"menu_order":0,"comment_status":"closed","ping_status":"closed","template":"","meta":{"footnotes":""},"class_list":["post-79452","page","type-page","status-publish","hentry"],"yoast_head":"<!-- This site is optimized with the Yoast SEO plugin v25.4 - https:\/\/yoast.com\/wordpress\/plugins\/seo\/ -->\n<title>Unternehmen gr\u00fcnden | Notare Wicke Herrler<\/title>\n<meta name=\"description\" content=\"Am Anfang steht die Gesch\u00e4ftsidee. Bis der Gesch\u00e4fterfolg greifbar wird, begegnen dem Unternehmer zahlreiche H\u00fcrden. Wir helfen, diese H\u00fcrden zu \u00fcberwinden.\" \/>\n<meta name=\"robots\" content=\"index, follow, max-snippet:-1, max-image-preview:large, max-video-preview:-1\" \/>\n<link rel=\"canonical\" href=\"https:\/\/brienner13.de\/en\/business-and-corporate-business\/\" \/>\n<meta property=\"og:locale\" content=\"en_US\" \/>\n<meta property=\"og:type\" content=\"article\" \/>\n<meta property=\"og:title\" content=\"Unternehmen gr\u00fcnden | Notare Wicke Herrler\" \/>\n<meta property=\"og:description\" content=\"Am Anfang steht die Gesch\u00e4ftsidee. Bis der Gesch\u00e4fterfolg greifbar wird, begegnen dem Unternehmer zahlreiche H\u00fcrden. Wir helfen, diese H\u00fcrden zu \u00fcberwinden.\" \/>\n<meta property=\"og:url\" content=\"https:\/\/brienner13.de\/en\/business-and-corporate-business\/\" \/>\n<meta property=\"og:site_name\" content=\"Notare Wicke Herrler\" \/>\n<meta property=\"article:modified_time\" content=\"2019-09-20T13:32:06+00:00\" \/>\n<meta name=\"twitter:card\" content=\"summary_large_image\" \/>\n<meta name=\"twitter:label1\" content=\"Est. reading time\" \/>\n\t<meta name=\"twitter:data1\" content=\"2 minutes\" \/>\n<script type=\"application\/ld+json\" class=\"yoast-schema-graph\">{\"@context\":\"https:\/\/schema.org\",\"@graph\":[{\"@type\":\"WebPage\",\"@id\":\"https:\/\/brienner13.de\/en\/business-and-corporate-business\/\",\"url\":\"https:\/\/brienner13.de\/en\/business-and-corporate-business\/\",\"name\":\"Unternehmen gr\u00fcnden | Notare Wicke Herrler\",\"isPartOf\":{\"@id\":\"https:\/\/brienner13.de\/#website\"},\"datePublished\":\"2019-09-20T13:29:04+00:00\",\"dateModified\":\"2019-09-20T13:32:06+00:00\",\"description\":\"Am Anfang steht die Gesch\u00e4ftsidee. Bis der Gesch\u00e4fterfolg greifbar wird, begegnen dem Unternehmer zahlreiche H\u00fcrden. Wir helfen, diese H\u00fcrden zu \u00fcberwinden.\",\"breadcrumb\":{\"@id\":\"https:\/\/brienner13.de\/en\/business-and-corporate-business\/#breadcrumb\"},\"inLanguage\":\"en-US\",\"potentialAction\":[{\"@type\":\"ReadAction\",\"target\":[\"https:\/\/brienner13.de\/en\/business-and-corporate-business\/\"]}]},{\"@type\":\"BreadcrumbList\",\"@id\":\"https:\/\/brienner13.de\/en\/business-and-corporate-business\/#breadcrumb\",\"itemListElement\":[{\"@type\":\"ListItem\",\"position\":1,\"name\":\"Startseite\",\"item\":\"https:\/\/brienner13.de\/en\/\"},{\"@type\":\"ListItem\",\"position\":2,\"name\":\"Business and corporate business\"}]},{\"@type\":\"WebSite\",\"@id\":\"https:\/\/brienner13.de\/#website\",\"url\":\"https:\/\/brienner13.de\/\",\"name\":\"Notare Wicke Herrler\",\"description\":\"Ihr Notar in M\u00fcnchen\",\"publisher\":{\"@id\":\"https:\/\/brienner13.de\/#organization\"},\"potentialAction\":[{\"@type\":\"SearchAction\",\"target\":{\"@type\":\"EntryPoint\",\"urlTemplate\":\"https:\/\/brienner13.de\/?s={search_term_string}\"},\"query-input\":{\"@type\":\"PropertyValueSpecification\",\"valueRequired\":true,\"valueName\":\"search_term_string\"}}],\"inLanguage\":\"en-US\"},{\"@type\":\"Organization\",\"@id\":\"https:\/\/brienner13.de\/#organization\",\"name\":\"Wicke Herrler Notare\",\"url\":\"https:\/\/brienner13.de\/\",\"logo\":{\"@type\":\"ImageObject\",\"inLanguage\":\"en-US\",\"@id\":\"https:\/\/brienner13.de\/#\/schema\/logo\/image\/\",\"url\":\"https:\/\/brienner13.de\/wp-content\/uploads\/2019\/07\/Wicke_Herrler_Logo_web.jpg\",\"contentUrl\":\"https:\/\/brienner13.de\/wp-content\/uploads\/2019\/07\/Wicke_Herrler_Logo_web.jpg\",\"width\":400,\"height\":390,\"caption\":\"Wicke Herrler Notare\"},\"image\":{\"@id\":\"https:\/\/brienner13.de\/#\/schema\/logo\/image\/\"}}]}<\/script>\n<!-- \/ Yoast SEO plugin. -->","yoast_head_json":{"title":"Unternehmen gr\u00fcnden | Notare Wicke Herrler","description":"Am Anfang steht die Gesch\u00e4ftsidee. Bis der Gesch\u00e4fterfolg greifbar wird, begegnen dem Unternehmer zahlreiche H\u00fcrden. Wir helfen, diese H\u00fcrden zu \u00fcberwinden.","robots":{"index":"index","follow":"follow","max-snippet":"max-snippet:-1","max-image-preview":"max-image-preview:large","max-video-preview":"max-video-preview:-1"},"canonical":"https:\/\/brienner13.de\/en\/business-and-corporate-business\/","og_locale":"en_US","og_type":"article","og_title":"Unternehmen gr\u00fcnden | Notare Wicke Herrler","og_description":"Am Anfang steht die Gesch\u00e4ftsidee. Bis der Gesch\u00e4fterfolg greifbar wird, begegnen dem Unternehmer zahlreiche H\u00fcrden. Wir helfen, diese H\u00fcrden zu \u00fcberwinden.","og_url":"https:\/\/brienner13.de\/en\/business-and-corporate-business\/","og_site_name":"Notare Wicke Herrler","article_modified_time":"2019-09-20T13:32:06+00:00","twitter_card":"summary_large_image","twitter_misc":{"Est. reading time":"2 minutes"},"schema":{"@context":"https:\/\/schema.org","@graph":[{"@type":"WebPage","@id":"https:\/\/brienner13.de\/en\/business-and-corporate-business\/","url":"https:\/\/brienner13.de\/en\/business-and-corporate-business\/","name":"Unternehmen gr\u00fcnden | Notare Wicke Herrler","isPartOf":{"@id":"https:\/\/brienner13.de\/#website"},"datePublished":"2019-09-20T13:29:04+00:00","dateModified":"2019-09-20T13:32:06+00:00","description":"Am Anfang steht die Gesch\u00e4ftsidee. Bis der Gesch\u00e4fterfolg greifbar wird, begegnen dem Unternehmer zahlreiche H\u00fcrden. Wir helfen, diese H\u00fcrden zu \u00fcberwinden.","breadcrumb":{"@id":"https:\/\/brienner13.de\/en\/business-and-corporate-business\/#breadcrumb"},"inLanguage":"en-US","potentialAction":[{"@type":"ReadAction","target":["https:\/\/brienner13.de\/en\/business-and-corporate-business\/"]}]},{"@type":"BreadcrumbList","@id":"https:\/\/brienner13.de\/en\/business-and-corporate-business\/#breadcrumb","itemListElement":[{"@type":"ListItem","position":1,"name":"Startseite","item":"https:\/\/brienner13.de\/en\/"},{"@type":"ListItem","position":2,"name":"Business and corporate business"}]},{"@type":"WebSite","@id":"https:\/\/brienner13.de\/#website","url":"https:\/\/brienner13.de\/","name":"Notare Wicke Herrler","description":"Ihr Notar in M\u00fcnchen","publisher":{"@id":"https:\/\/brienner13.de\/#organization"},"potentialAction":[{"@type":"SearchAction","target":{"@type":"EntryPoint","urlTemplate":"https:\/\/brienner13.de\/?s={search_term_string}"},"query-input":{"@type":"PropertyValueSpecification","valueRequired":true,"valueName":"search_term_string"}}],"inLanguage":"en-US"},{"@type":"Organization","@id":"https:\/\/brienner13.de\/#organization","name":"Wicke Herrler Notare","url":"https:\/\/brienner13.de\/","logo":{"@type":"ImageObject","inLanguage":"en-US","@id":"https:\/\/brienner13.de\/#\/schema\/logo\/image\/","url":"https:\/\/brienner13.de\/wp-content\/uploads\/2019\/07\/Wicke_Herrler_Logo_web.jpg","contentUrl":"https:\/\/brienner13.de\/wp-content\/uploads\/2019\/07\/Wicke_Herrler_Logo_web.jpg","width":400,"height":390,"caption":"Wicke Herrler Notare"},"image":{"@id":"https:\/\/brienner13.de\/#\/schema\/logo\/image\/"}}]}},"_links":{"self":[{"href":"https:\/\/brienner13.de\/en\/wp-json\/wp\/v2\/pages\/79452","targetHints":{"allow":["GET"]}}],"collection":[{"href":"https:\/\/brienner13.de\/en\/wp-json\/wp\/v2\/pages"}],"about":[{"href":"https:\/\/brienner13.de\/en\/wp-json\/wp\/v2\/types\/page"}],"author":[{"embeddable":true,"href":"https:\/\/brienner13.de\/en\/wp-json\/wp\/v2\/users\/1"}],"replies":[{"embeddable":true,"href":"https:\/\/brienner13.de\/en\/wp-json\/wp\/v2\/comments?post=79452"}],"version-history":[{"count":4,"href":"https:\/\/brienner13.de\/en\/wp-json\/wp\/v2\/pages\/79452\/revisions"}],"predecessor-version":[{"id":79458,"href":"https:\/\/brienner13.de\/en\/wp-json\/wp\/v2\/pages\/79452\/revisions\/79458"}],"wp:attachment":[{"href":"https:\/\/brienner13.de\/en\/wp-json\/wp\/v2\/media?parent=79452"}],"curies":[{"name":"wp","href":"https:\/\/api.w.org\/{rel}","templated":true}]}}