{"id":79459,"date":"2019-09-20T15:36:35","date_gmt":"2019-09-20T13:36:35","guid":{"rendered":"https:\/\/brienner13.de\/?page_id=79459"},"modified":"2019-09-20T15:38:05","modified_gmt":"2019-09-20T13:38:05","slug":"inheritance-law-and-company-succession","status":"publish","type":"page","link":"https:\/\/brienner13.de\/en\/inheritance-law-and-company-succession\/","title":{"rendered":"Inheritance law and company succession"},"content":{"rendered":"<div class=\"wpb-content-wrapper\"><p>[vc_row row_height_percent=&#8221;0&#8243; override_padding=&#8221;yes&#8221; h_padding=&#8221;4&#8243; top_padding=&#8221;3&#8243; bottom_padding=&#8221;2&#8243; overlay_alpha=&#8221;50&#8243; gutter_size=&#8221;3&#8243; column_width_percent=&#8221;100&#8243; shift_y=&#8221;0&#8243; z_index=&#8221;0&#8243; row_name=&#8221;start&#8221;][vc_column width=&#8221;1\/1&#8243;][vc_custom_heading text_size=&#8221;&#8221; text_color=&#8221;accent&#8221;]Wills and inheritance contracts[\/vc_custom_heading][vc_column_text el_class=&#8221;text-lead&#8221;]<\/p>\n<hr class=\"separator-break\" \/>\n<p>The organisation of company succession is, in many respects, very difficult, but personally and commercially also a very important and therefore worthwhile endeavour. It requires clear-sighted planning and a legally precise formulation of the bequeather\u2019s will. Recording the last wishes in a notarial will or inheritance contract creates a guarantee that the division of the estate among the heirs is actually carried out according to the will of the bequeather and disputes between the heirs are avoided.<\/p>\n<p>A notary is not only aware of the tax-related aspects of wills and inheritance contracts, but also issues of civil and family law, such as care for dependants or avoidance of disputes between the heirs. Managing one\u2019s inheritance is not a question of age. Young people or families should also make provisions for accidents in order to avoid surprising and serious consequences. Besides consulting during preparation of a will, a notary also helps govern issues pertaining to the bequest. This may apply to claims on the apportionment of certificates of inheritance and certificates of executorship or the procedure of inheritance conflicts.<\/p>\n<p>[\/vc_column_text][\/vc_column][\/vc_row][vc_row row_height_percent=&#8221;0&#8243; override_padding=&#8221;yes&#8221; h_padding=&#8221;4&#8243; top_padding=&#8221;2&#8243; bottom_padding=&#8221;2&#8243; overlay_alpha=&#8221;50&#8243; gutter_size=&#8221;3&#8243; column_width_percent=&#8221;100&#8243; shift_y=&#8221;0&#8243; z_index=&#8221;0&#8243;][vc_column width=&#8221;1\/1&#8243;][vc_custom_heading text_size=&#8221;&#8221; text_color=&#8221;accent&#8221;]Company successions[\/vc_custom_heading][vc_column_text el_class=&#8221;text-lead&#8221;]<\/p>\n<hr class=\"separator-break\" \/>\n<p>Clear-sighted succession planning is particularly important in the transfer of companies to the next generation. Thereby, the survival of the company is exposed to a multitude of risks. If the company is inherited by a community of heirs consisting of spouse and children, disagreements between heirs about the continuation of operations can block commercial capacity to act. Individual heirs\u2019 assertions of claims to distribution and settlement can compromise the company\u2019s liquidity. The same applies to claims to legal portions by descendants that have been passed over or disinherited.<\/p>\n<p>The ideal method of planning company succession is a life-time transfer to the next generation. A strategic company succession requires a complete overall concept that takes into account the company\u2019s interests appropriately, does not ignore questions of inheritance and income tax, secures the retirement pension of the owner and spouse, and includes claims to compensation for increase in value as well as legal portion claims as possible disruptive factors in case of a divorce. In order to secure his or her life\u2019s work, a businessperson should therefore think about company succession as early as possible, reappraise it regularly and, if necessary, adjust it.<\/p>\n<p>[\/vc_column_text][\/vc_column][\/vc_row][vc_row row_height_percent=&#8221;0&#8243; override_padding=&#8221;yes&#8221; h_padding=&#8221;4&#8243; top_padding=&#8221;2&#8243; bottom_padding=&#8221;3&#8243; overlay_alpha=&#8221;50&#8243; gutter_size=&#8221;3&#8243; column_width_percent=&#8221;100&#8243; shift_y=&#8221;0&#8243; z_index=&#8221;0&#8243;][vc_column width=&#8221;1\/1&#8243;][vc_custom_heading text_size=&#8221;&#8221; text_color=&#8221;accent&#8221;]Foundations[\/vc_custom_heading][vc_column_text el_class=&#8221;text-lead&#8221;]<\/p>\n<hr class=\"separator-break\" \/>\n<p style=\"font-family: Source Sans Pro;\">In times when savings measures are necessary for public budgets, private initiatives in the form of foundations perform important public functions in promoting the common good and simultaneously providing a stimulus for new social developments. Foundations have also grown considerably more important in recent years as an instrument of succession planning. Testamentary foundations are created by bequeathers who have no close heirs, who want their name to live on or who simply want to do a good deed. As a legal form of organisation without members, freed from human mortality and impatience, a foundation alone allows for perpetuity.<\/p>\n<p>Besides non-profit and charitable foundations, family foundations, which prevent fragmentation of the assets and thereby serve the long-term welfare of the founder\u2019s family, are common, as well as business foundations (business owner and shareholder foundations) whose purpose is to secure the company succession according to the founder\u2019s intention. A double foundation is when a family foundation and a non-profit foundation are partners in a limited liability company. According to this concept, the non-profit foundation has the larger share of capital, as a rule, in order to receive the tax breaks unavailable to the family foundation. On the other hand, the family foundation receives the majority of the votes, in order to ensure that the family\u2019s influence in the company continues. We will gladly advise you on the organisation of the foundation either in your lifetime or as part of a last will and will see to its official recognition.[\/vc_column_text][\/vc_column][\/vc_row]<\/p>\n<\/div>","protected":false},"excerpt":{"rendered":"<p>[vc_row row_height_percent=&#8221;0&#8243; override_padding=&#8221;yes&#8221; h_padding=&#8221;4&#8243; top_padding=&#8221;3&#8243; bottom_padding=&#8221;2&#8243; overlay_alpha=&#8221;50&#8243; gutter_size=&#8221;3&#8243; column_width_percent=&#8221;100&#8243; shift_y=&#8221;0&#8243; z_index=&#8221;0&#8243; row_name=&#8221;start&#8221;][vc_column width=&#8221;1\/1&#8243;][vc_custom_heading text_size=&#8221;&#8221; text_color=&#8221;accent&#8221;]Wills and inheritance contracts[\/vc_custom_heading][vc_column_text el_class=&#8221;text-lead&#8221;] The [&hellip;]<\/p>\n","protected":false},"author":1,"featured_media":0,"parent":0,"menu_order":0,"comment_status":"closed","ping_status":"closed","template":"","meta":{"footnotes":""},"class_list":["post-79459","page","type-page","status-publish","hentry"],"yoast_head":"<!-- This site is optimized with the Yoast SEO plugin v25.4 - https:\/\/yoast.com\/wordpress\/plugins\/seo\/ -->\n<title>Testamente und Erbvertr\u00e4ge | Notare Wicke Herrler<\/title>\n<meta name=\"description\" content=\"Die Gestaltung der Verm\u00f6gensnachfolge ist in vieler Hinsicht eine sehr schwierige Aufgabe. Wir unterst\u00fctzen Sie mit unserer jahrelangen Erfahrung.\" \/>\n<meta name=\"robots\" content=\"index, follow, max-snippet:-1, max-image-preview:large, max-video-preview:-1\" \/>\n<link rel=\"canonical\" href=\"https:\/\/brienner13.de\/en\/inheritance-law-and-company-succession\/\" \/>\n<meta property=\"og:locale\" content=\"en_US\" \/>\n<meta property=\"og:type\" content=\"article\" \/>\n<meta property=\"og:title\" content=\"Testamente und Erbvertr\u00e4ge | Notare Wicke Herrler\" \/>\n<meta property=\"og:description\" content=\"Die Gestaltung der Verm\u00f6gensnachfolge ist in vieler Hinsicht eine sehr schwierige Aufgabe. Wir unterst\u00fctzen Sie mit unserer jahrelangen Erfahrung.\" \/>\n<meta property=\"og:url\" content=\"https:\/\/brienner13.de\/en\/inheritance-law-and-company-succession\/\" \/>\n<meta property=\"og:site_name\" content=\"Notare Wicke Herrler\" \/>\n<meta property=\"article:modified_time\" content=\"2019-09-20T13:38:05+00:00\" \/>\n<meta name=\"twitter:card\" content=\"summary_large_image\" \/>\n<meta name=\"twitter:label1\" content=\"Est. reading time\" \/>\n\t<meta name=\"twitter:data1\" content=\"4 minutes\" \/>\n<script type=\"application\/ld+json\" class=\"yoast-schema-graph\">{\"@context\":\"https:\/\/schema.org\",\"@graph\":[{\"@type\":\"WebPage\",\"@id\":\"https:\/\/brienner13.de\/en\/inheritance-law-and-company-succession\/\",\"url\":\"https:\/\/brienner13.de\/en\/inheritance-law-and-company-succession\/\",\"name\":\"Testamente und Erbvertr\u00e4ge | Notare Wicke Herrler\",\"isPartOf\":{\"@id\":\"https:\/\/brienner13.de\/#website\"},\"datePublished\":\"2019-09-20T13:36:35+00:00\",\"dateModified\":\"2019-09-20T13:38:05+00:00\",\"description\":\"Die Gestaltung der Verm\u00f6gensnachfolge ist in vieler Hinsicht eine sehr schwierige Aufgabe. Wir unterst\u00fctzen Sie mit unserer jahrelangen Erfahrung.\",\"breadcrumb\":{\"@id\":\"https:\/\/brienner13.de\/en\/inheritance-law-and-company-succession\/#breadcrumb\"},\"inLanguage\":\"en-US\",\"potentialAction\":[{\"@type\":\"ReadAction\",\"target\":[\"https:\/\/brienner13.de\/en\/inheritance-law-and-company-succession\/\"]}]},{\"@type\":\"BreadcrumbList\",\"@id\":\"https:\/\/brienner13.de\/en\/inheritance-law-and-company-succession\/#breadcrumb\",\"itemListElement\":[{\"@type\":\"ListItem\",\"position\":1,\"name\":\"Startseite\",\"item\":\"https:\/\/brienner13.de\/en\/\"},{\"@type\":\"ListItem\",\"position\":2,\"name\":\"Inheritance law and company succession\"}]},{\"@type\":\"WebSite\",\"@id\":\"https:\/\/brienner13.de\/#website\",\"url\":\"https:\/\/brienner13.de\/\",\"name\":\"Notare Wicke Herrler\",\"description\":\"Ihr Notar in M\u00fcnchen\",\"publisher\":{\"@id\":\"https:\/\/brienner13.de\/#organization\"},\"potentialAction\":[{\"@type\":\"SearchAction\",\"target\":{\"@type\":\"EntryPoint\",\"urlTemplate\":\"https:\/\/brienner13.de\/?s={search_term_string}\"},\"query-input\":{\"@type\":\"PropertyValueSpecification\",\"valueRequired\":true,\"valueName\":\"search_term_string\"}}],\"inLanguage\":\"en-US\"},{\"@type\":\"Organization\",\"@id\":\"https:\/\/brienner13.de\/#organization\",\"name\":\"Wicke Herrler Notare\",\"url\":\"https:\/\/brienner13.de\/\",\"logo\":{\"@type\":\"ImageObject\",\"inLanguage\":\"en-US\",\"@id\":\"https:\/\/brienner13.de\/#\/schema\/logo\/image\/\",\"url\":\"https:\/\/brienner13.de\/wp-content\/uploads\/2019\/07\/Wicke_Herrler_Logo_web.jpg\",\"contentUrl\":\"https:\/\/brienner13.de\/wp-content\/uploads\/2019\/07\/Wicke_Herrler_Logo_web.jpg\",\"width\":400,\"height\":390,\"caption\":\"Wicke Herrler Notare\"},\"image\":{\"@id\":\"https:\/\/brienner13.de\/#\/schema\/logo\/image\/\"}}]}<\/script>\n<!-- \/ Yoast SEO plugin. -->","yoast_head_json":{"title":"Testamente und Erbvertr\u00e4ge | Notare Wicke Herrler","description":"Die Gestaltung der Verm\u00f6gensnachfolge ist in vieler Hinsicht eine sehr schwierige Aufgabe. Wir unterst\u00fctzen Sie mit unserer jahrelangen Erfahrung.","robots":{"index":"index","follow":"follow","max-snippet":"max-snippet:-1","max-image-preview":"max-image-preview:large","max-video-preview":"max-video-preview:-1"},"canonical":"https:\/\/brienner13.de\/en\/inheritance-law-and-company-succession\/","og_locale":"en_US","og_type":"article","og_title":"Testamente und Erbvertr\u00e4ge | Notare Wicke Herrler","og_description":"Die Gestaltung der Verm\u00f6gensnachfolge ist in vieler Hinsicht eine sehr schwierige Aufgabe. Wir unterst\u00fctzen Sie mit unserer jahrelangen Erfahrung.","og_url":"https:\/\/brienner13.de\/en\/inheritance-law-and-company-succession\/","og_site_name":"Notare Wicke Herrler","article_modified_time":"2019-09-20T13:38:05+00:00","twitter_card":"summary_large_image","twitter_misc":{"Est. reading time":"4 minutes"},"schema":{"@context":"https:\/\/schema.org","@graph":[{"@type":"WebPage","@id":"https:\/\/brienner13.de\/en\/inheritance-law-and-company-succession\/","url":"https:\/\/brienner13.de\/en\/inheritance-law-and-company-succession\/","name":"Testamente und Erbvertr\u00e4ge | Notare Wicke Herrler","isPartOf":{"@id":"https:\/\/brienner13.de\/#website"},"datePublished":"2019-09-20T13:36:35+00:00","dateModified":"2019-09-20T13:38:05+00:00","description":"Die Gestaltung der Verm\u00f6gensnachfolge ist in vieler Hinsicht eine sehr schwierige Aufgabe. Wir unterst\u00fctzen Sie mit unserer jahrelangen Erfahrung.","breadcrumb":{"@id":"https:\/\/brienner13.de\/en\/inheritance-law-and-company-succession\/#breadcrumb"},"inLanguage":"en-US","potentialAction":[{"@type":"ReadAction","target":["https:\/\/brienner13.de\/en\/inheritance-law-and-company-succession\/"]}]},{"@type":"BreadcrumbList","@id":"https:\/\/brienner13.de\/en\/inheritance-law-and-company-succession\/#breadcrumb","itemListElement":[{"@type":"ListItem","position":1,"name":"Startseite","item":"https:\/\/brienner13.de\/en\/"},{"@type":"ListItem","position":2,"name":"Inheritance law and company succession"}]},{"@type":"WebSite","@id":"https:\/\/brienner13.de\/#website","url":"https:\/\/brienner13.de\/","name":"Notare Wicke Herrler","description":"Ihr Notar in M\u00fcnchen","publisher":{"@id":"https:\/\/brienner13.de\/#organization"},"potentialAction":[{"@type":"SearchAction","target":{"@type":"EntryPoint","urlTemplate":"https:\/\/brienner13.de\/?s={search_term_string}"},"query-input":{"@type":"PropertyValueSpecification","valueRequired":true,"valueName":"search_term_string"}}],"inLanguage":"en-US"},{"@type":"Organization","@id":"https:\/\/brienner13.de\/#organization","name":"Wicke Herrler Notare","url":"https:\/\/brienner13.de\/","logo":{"@type":"ImageObject","inLanguage":"en-US","@id":"https:\/\/brienner13.de\/#\/schema\/logo\/image\/","url":"https:\/\/brienner13.de\/wp-content\/uploads\/2019\/07\/Wicke_Herrler_Logo_web.jpg","contentUrl":"https:\/\/brienner13.de\/wp-content\/uploads\/2019\/07\/Wicke_Herrler_Logo_web.jpg","width":400,"height":390,"caption":"Wicke Herrler Notare"},"image":{"@id":"https:\/\/brienner13.de\/#\/schema\/logo\/image\/"}}]}},"_links":{"self":[{"href":"https:\/\/brienner13.de\/en\/wp-json\/wp\/v2\/pages\/79459","targetHints":{"allow":["GET"]}}],"collection":[{"href":"https:\/\/brienner13.de\/en\/wp-json\/wp\/v2\/pages"}],"about":[{"href":"https:\/\/brienner13.de\/en\/wp-json\/wp\/v2\/types\/page"}],"author":[{"embeddable":true,"href":"https:\/\/brienner13.de\/en\/wp-json\/wp\/v2\/users\/1"}],"replies":[{"embeddable":true,"href":"https:\/\/brienner13.de\/en\/wp-json\/wp\/v2\/comments?post=79459"}],"version-history":[{"count":3,"href":"https:\/\/brienner13.de\/en\/wp-json\/wp\/v2\/pages\/79459\/revisions"}],"predecessor-version":[{"id":79464,"href":"https:\/\/brienner13.de\/en\/wp-json\/wp\/v2\/pages\/79459\/revisions\/79464"}],"wp:attachment":[{"href":"https:\/\/brienner13.de\/en\/wp-json\/wp\/v2\/media?parent=79459"}],"curies":[{"name":"wp","href":"https:\/\/api.w.org\/{rel}","templated":true}]}}