{"id":79465,"date":"2019-09-20T15:40:37","date_gmt":"2019-09-20T13:40:37","guid":{"rendered":"https:\/\/brienner13.de\/?page_id=79465"},"modified":"2019-09-20T15:42:31","modified_gmt":"2019-09-20T13:42:31","slug":"marriage-and-family-law","status":"publish","type":"page","link":"https:\/\/brienner13.de\/en\/marriage-and-family-law\/","title":{"rendered":"Marriage and family law"},"content":{"rendered":"<div class=\"wpb-content-wrapper\"><p>[vc_row row_height_percent=&#8221;0&#8243; override_padding=&#8221;yes&#8221; h_padding=&#8221;4&#8243; top_padding=&#8221;2&#8243; bottom_padding=&#8221;3&#8243; overlay_alpha=&#8221;50&#8243; gutter_size=&#8221;3&#8243; column_width_percent=&#8221;100&#8243; shift_y=&#8221;0&#8243; z_index=&#8221;0&#8243; row_name=&#8221;start&#8221; shape_dividers=&#8221;&#8221;][vc_column width=&#8221;1\/1&#8243;][vc_custom_heading text_size=&#8221;&#8221; text_color=&#8221;accent&#8221;]Marriage and family law[\/vc_custom_heading][vc_column_text el_class=&#8221;text-lead&#8221;]<\/p>\n<hr class=\"separator-break\" \/>\n<p style=\"font-family: Source Sans Pro;\">In marriage and family law, notaries are responsible for the certification of marriage contracts, civil partnership contracts, divorce agreements, adoptions and other measures involving child law (e.g. acknowledgement of paternity). Consultancy on legal regulations and their consequences in divorce cases are particularly recommended before marriage. The legal model is based on a certain type of marriage which is often no longer a legal reality. This can lead to unpleasant surprises in divorce cases. We will comprehensively inform you of the legal situation and, if necessary, draft a tailor-made marriage contract adjusted to your living situation. The same applies for same-sex partners who wish to establish a civil partnership. If a marriage fails, a divorce agreement stipulating a notary\u2019s intervention as a neutral authority can help avoid long, costly legal disputes.<\/p>\n<p>[\/vc_column_text][\/vc_column][\/vc_row]<\/p>\n<\/div>","protected":false},"excerpt":{"rendered":"<p>[vc_row row_height_percent=&#8221;0&#8243; override_padding=&#8221;yes&#8221; h_padding=&#8221;4&#8243; top_padding=&#8221;2&#8243; bottom_padding=&#8221;3&#8243; overlay_alpha=&#8221;50&#8243; gutter_size=&#8221;3&#8243; column_width_percent=&#8221;100&#8243; shift_y=&#8221;0&#8243; z_index=&#8221;0&#8243; row_name=&#8221;start&#8221; shape_dividers=&#8221;&#8221;][vc_column width=&#8221;1\/1&#8243;][vc_custom_heading text_size=&#8221;&#8221; text_color=&#8221;accent&#8221;]Marriage and family law[\/vc_custom_heading][vc_column_text el_class=&#8221;text-lead&#8221;] [&hellip;]<\/p>\n","protected":false},"author":1,"featured_media":0,"parent":0,"menu_order":0,"comment_status":"closed","ping_status":"closed","template":"","meta":{"footnotes":""},"class_list":["post-79465","page","type-page","status-publish","hentry"],"yoast_head":"<!-- This site is optimized with the Yoast SEO plugin v25.4 - https:\/\/yoast.com\/wordpress\/plugins\/seo\/ -->\n<title>Marriage and family law | Notare Wicke Herrler<\/title>\n<meta name=\"description\" content=\"Wir helfen Ihnen mit Expertise bei der Beurkundung von Ehevertr\u00e4gen, Lebenspartnerschaftsvertr\u00e4gen, Scheidungsvereinbarungen sowie f\u00fcr Adoptionen.\" \/>\n<meta name=\"robots\" content=\"index, follow, max-snippet:-1, max-image-preview:large, max-video-preview:-1\" \/>\n<link rel=\"canonical\" href=\"https:\/\/brienner13.de\/en\/marriage-and-family-law\/\" \/>\n<meta property=\"og:locale\" content=\"en_US\" \/>\n<meta property=\"og:type\" content=\"article\" \/>\n<meta property=\"og:title\" content=\"Marriage and family law | Notare Wicke Herrler\" \/>\n<meta property=\"og:description\" content=\"Wir helfen Ihnen mit Expertise bei der Beurkundung von Ehevertr\u00e4gen, Lebenspartnerschaftsvertr\u00e4gen, Scheidungsvereinbarungen sowie f\u00fcr Adoptionen.\" \/>\n<meta property=\"og:url\" content=\"https:\/\/brienner13.de\/en\/marriage-and-family-law\/\" \/>\n<meta property=\"og:site_name\" content=\"Notare Wicke Herrler\" \/>\n<meta property=\"article:modified_time\" content=\"2019-09-20T13:42:31+00:00\" \/>\n<meta name=\"twitter:card\" content=\"summary_large_image\" \/>\n<meta name=\"twitter:label1\" content=\"Est. reading time\" \/>\n\t<meta name=\"twitter:data1\" content=\"1 minute\" \/>\n<script type=\"application\/ld+json\" class=\"yoast-schema-graph\">{\"@context\":\"https:\/\/schema.org\",\"@graph\":[{\"@type\":\"WebPage\",\"@id\":\"https:\/\/brienner13.de\/en\/marriage-and-family-law\/\",\"url\":\"https:\/\/brienner13.de\/en\/marriage-and-family-law\/\",\"name\":\"Marriage and family law | Notare Wicke Herrler\",\"isPartOf\":{\"@id\":\"https:\/\/brienner13.de\/#website\"},\"datePublished\":\"2019-09-20T13:40:37+00:00\",\"dateModified\":\"2019-09-20T13:42:31+00:00\",\"description\":\"Wir helfen Ihnen mit Expertise bei der Beurkundung von Ehevertr\u00e4gen, Lebenspartnerschaftsvertr\u00e4gen, Scheidungsvereinbarungen sowie f\u00fcr Adoptionen.\",\"breadcrumb\":{\"@id\":\"https:\/\/brienner13.de\/en\/marriage-and-family-law\/#breadcrumb\"},\"inLanguage\":\"en-US\",\"potentialAction\":[{\"@type\":\"ReadAction\",\"target\":[\"https:\/\/brienner13.de\/en\/marriage-and-family-law\/\"]}]},{\"@type\":\"BreadcrumbList\",\"@id\":\"https:\/\/brienner13.de\/en\/marriage-and-family-law\/#breadcrumb\",\"itemListElement\":[{\"@type\":\"ListItem\",\"position\":1,\"name\":\"Startseite\",\"item\":\"https:\/\/brienner13.de\/en\/\"},{\"@type\":\"ListItem\",\"position\":2,\"name\":\"Marriage and family law\"}]},{\"@type\":\"WebSite\",\"@id\":\"https:\/\/brienner13.de\/#website\",\"url\":\"https:\/\/brienner13.de\/\",\"name\":\"Notare Wicke Herrler\",\"description\":\"Ihr Notar in M\u00fcnchen\",\"publisher\":{\"@id\":\"https:\/\/brienner13.de\/#organization\"},\"potentialAction\":[{\"@type\":\"SearchAction\",\"target\":{\"@type\":\"EntryPoint\",\"urlTemplate\":\"https:\/\/brienner13.de\/?s={search_term_string}\"},\"query-input\":{\"@type\":\"PropertyValueSpecification\",\"valueRequired\":true,\"valueName\":\"search_term_string\"}}],\"inLanguage\":\"en-US\"},{\"@type\":\"Organization\",\"@id\":\"https:\/\/brienner13.de\/#organization\",\"name\":\"Wicke Herrler Notare\",\"url\":\"https:\/\/brienner13.de\/\",\"logo\":{\"@type\":\"ImageObject\",\"inLanguage\":\"en-US\",\"@id\":\"https:\/\/brienner13.de\/#\/schema\/logo\/image\/\",\"url\":\"https:\/\/brienner13.de\/wp-content\/uploads\/2019\/07\/Wicke_Herrler_Logo_web.jpg\",\"contentUrl\":\"https:\/\/brienner13.de\/wp-content\/uploads\/2019\/07\/Wicke_Herrler_Logo_web.jpg\",\"width\":400,\"height\":390,\"caption\":\"Wicke Herrler Notare\"},\"image\":{\"@id\":\"https:\/\/brienner13.de\/#\/schema\/logo\/image\/\"}}]}<\/script>\n<!-- \/ Yoast SEO plugin. -->","yoast_head_json":{"title":"Marriage and family law | Notare Wicke Herrler","description":"Wir helfen Ihnen mit Expertise bei der Beurkundung von Ehevertr\u00e4gen, Lebenspartnerschaftsvertr\u00e4gen, Scheidungsvereinbarungen sowie f\u00fcr Adoptionen.","robots":{"index":"index","follow":"follow","max-snippet":"max-snippet:-1","max-image-preview":"max-image-preview:large","max-video-preview":"max-video-preview:-1"},"canonical":"https:\/\/brienner13.de\/en\/marriage-and-family-law\/","og_locale":"en_US","og_type":"article","og_title":"Marriage and family law | Notare Wicke Herrler","og_description":"Wir helfen Ihnen mit Expertise bei der Beurkundung von Ehevertr\u00e4gen, Lebenspartnerschaftsvertr\u00e4gen, Scheidungsvereinbarungen sowie f\u00fcr Adoptionen.","og_url":"https:\/\/brienner13.de\/en\/marriage-and-family-law\/","og_site_name":"Notare Wicke Herrler","article_modified_time":"2019-09-20T13:42:31+00:00","twitter_card":"summary_large_image","twitter_misc":{"Est. reading time":"1 minute"},"schema":{"@context":"https:\/\/schema.org","@graph":[{"@type":"WebPage","@id":"https:\/\/brienner13.de\/en\/marriage-and-family-law\/","url":"https:\/\/brienner13.de\/en\/marriage-and-family-law\/","name":"Marriage and family law | Notare Wicke Herrler","isPartOf":{"@id":"https:\/\/brienner13.de\/#website"},"datePublished":"2019-09-20T13:40:37+00:00","dateModified":"2019-09-20T13:42:31+00:00","description":"Wir helfen Ihnen mit Expertise bei der Beurkundung von Ehevertr\u00e4gen, Lebenspartnerschaftsvertr\u00e4gen, Scheidungsvereinbarungen sowie f\u00fcr Adoptionen.","breadcrumb":{"@id":"https:\/\/brienner13.de\/en\/marriage-and-family-law\/#breadcrumb"},"inLanguage":"en-US","potentialAction":[{"@type":"ReadAction","target":["https:\/\/brienner13.de\/en\/marriage-and-family-law\/"]}]},{"@type":"BreadcrumbList","@id":"https:\/\/brienner13.de\/en\/marriage-and-family-law\/#breadcrumb","itemListElement":[{"@type":"ListItem","position":1,"name":"Startseite","item":"https:\/\/brienner13.de\/en\/"},{"@type":"ListItem","position":2,"name":"Marriage and family law"}]},{"@type":"WebSite","@id":"https:\/\/brienner13.de\/#website","url":"https:\/\/brienner13.de\/","name":"Notare Wicke Herrler","description":"Ihr Notar in M\u00fcnchen","publisher":{"@id":"https:\/\/brienner13.de\/#organization"},"potentialAction":[{"@type":"SearchAction","target":{"@type":"EntryPoint","urlTemplate":"https:\/\/brienner13.de\/?s={search_term_string}"},"query-input":{"@type":"PropertyValueSpecification","valueRequired":true,"valueName":"search_term_string"}}],"inLanguage":"en-US"},{"@type":"Organization","@id":"https:\/\/brienner13.de\/#organization","name":"Wicke Herrler Notare","url":"https:\/\/brienner13.de\/","logo":{"@type":"ImageObject","inLanguage":"en-US","@id":"https:\/\/brienner13.de\/#\/schema\/logo\/image\/","url":"https:\/\/brienner13.de\/wp-content\/uploads\/2019\/07\/Wicke_Herrler_Logo_web.jpg","contentUrl":"https:\/\/brienner13.de\/wp-content\/uploads\/2019\/07\/Wicke_Herrler_Logo_web.jpg","width":400,"height":390,"caption":"Wicke Herrler Notare"},"image":{"@id":"https:\/\/brienner13.de\/#\/schema\/logo\/image\/"}}]}},"_links":{"self":[{"href":"https:\/\/brienner13.de\/en\/wp-json\/wp\/v2\/pages\/79465","targetHints":{"allow":["GET"]}}],"collection":[{"href":"https:\/\/brienner13.de\/en\/wp-json\/wp\/v2\/pages"}],"about":[{"href":"https:\/\/brienner13.de\/en\/wp-json\/wp\/v2\/types\/page"}],"author":[{"embeddable":true,"href":"https:\/\/brienner13.de\/en\/wp-json\/wp\/v2\/users\/1"}],"replies":[{"embeddable":true,"href":"https:\/\/brienner13.de\/en\/wp-json\/wp\/v2\/comments?post=79465"}],"version-history":[{"count":4,"href":"https:\/\/brienner13.de\/en\/wp-json\/wp\/v2\/pages\/79465\/revisions"}],"predecessor-version":[{"id":79471,"href":"https:\/\/brienner13.de\/en\/wp-json\/wp\/v2\/pages\/79465\/revisions\/79471"}],"wp:attachment":[{"href":"https:\/\/brienner13.de\/en\/wp-json\/wp\/v2\/media?parent=79465"}],"curies":[{"name":"wp","href":"https:\/\/api.w.org\/{rel}","templated":true}]}}