{"id":80075,"date":"2024-05-24T11:57:27","date_gmt":"2024-05-24T09:57:27","guid":{"rendered":"https:\/\/brienner13.de\/?page_id=80075"},"modified":"2026-01-12T07:53:05","modified_gmt":"2026-01-12T06:53:05","slug":"prof-dr-hartmut-wicke","status":"publish","type":"page","link":"https:\/\/brienner13.de\/en\/prof-dr-hartmut-wicke\/","title":{"rendered":"Prof. Dr. Hartmut Wicke"},"content":{"rendered":"<div class=\"wpb-content-wrapper\"><p>[vc_row row_height_percent=&#8221;0&#8243; overlay_alpha=&#8221;50&#8243; equal_height=&#8221;yes&#8221; gutter_size=&#8221;4&#8243; column_width_percent=&#8221;100&#8243; shift_y=&#8221;0&#8243; z_index=&#8221;0&#8243; medium_visibility=&#8221;yes&#8221; mobile_visibility=&#8221;yes&#8221; el_class=&#8221;inverted-device-order&#8221;][vc_column column_width_percent=&#8221;100&#8243; position_horizontal=&#8221;left&#8221; position_vertical=&#8221;middle&#8221; gutter_size=&#8221;3&#8243; override_padding=&#8221;yes&#8221; column_padding=&#8221;2&#8243; overlay_alpha=&#8221;50&#8243; shift_x=&#8221;0&#8243; shift_y=&#8221;0&#8243; shift_y_down=&#8221;0&#8243; z_index=&#8221;0&#8243; medium_width=&#8221;0&#8243; align_mobile=&#8221;align_center_mobile&#8221; mobile_width=&#8221;0&#8243; css_animation=&#8221;left-t-right&#8221; animation_delay=&#8221;100&#8243; width=&#8221;1\/2&#8243;][vc_custom_heading text_color=&#8221;accent&#8221; heading_semantic=&#8221;h6&#8243; text_size=&#8221;h6&#8243; text_transform=&#8221;uppercase&#8221;]Wicke Herrler Notaries[\/vc_custom_heading][vc_custom_heading heading_semantic=&#8221;h3&#8243; text_size=&#8221;h1&#8243;]Prof. Dr. Hartmut Wicke, LL.M.[\/vc_custom_heading][vc_column_text]<strong>Professional background of Prof. Dr. Hartmut Wicke, LL.M. <\/strong><\/p>\n<ul>\n<li>Study of law at Regensburg University, University of Aberdeen and University of Stellenbosch<\/li>\n<li>Scholarship of the National Scholarship Foundation (Studienstiftung des deutschen Volkes)<\/li>\n<li><a href=\"http:\/\/www.dnoti.de\">Deutsches Notarinstitut<\/a>, <a href=\"http:\/\/www.notarinstitut.de\">Managing Director of Institut f\u00fcr Notarrecht at W\u00fcrzburg University <\/a><a href=\"http:\/\/www.notrv.de\/\">and Deutsche Notarrechtliche Vereinigung e. V.<\/a>(2004-2006)<\/li>\n<li>Civil Law Notary in Munich<\/li>\n<li>Honorary professor for corporate law and private wealth planning and contracting at LMU (since 2018)<\/li>\n<\/ul>\n<p>[\/vc_column_text][\/vc_column][vc_column column_width_percent=&#8221;76&#8243; align_horizontal=&#8221;align_center&#8221; gutter_size=&#8221;3&#8243; expand_height=&#8221;yes&#8221; overlay_alpha=&#8221;50&#8243; shift_x=&#8221;0&#8243; shift_y=&#8221;0&#8243; shift_y_down=&#8221;0&#8243; z_index=&#8221;0&#8243; medium_width=&#8221;0&#8243; mobile_width=&#8221;0&#8243; css_animation=&#8221;right-t-left&#8221; animation_delay=&#8221;100&#8243; width=&#8221;1\/2&#8243; css=&#8221;.vc_custom_1568980627082{padding-top: 75px !important;}&#8221;][vc_single_image media=&#8221;80307&#8243; media_width_percent=&#8221;90&#8243; media_ratio=&#8221;two-three&#8221; alignment=&#8221;center&#8221; shadow=&#8221;yes&#8221; shadow_weight=&#8221;lg&#8221; uncode_shortcode_id=&#8221;139621&#8243;][\/vc_column][\/vc_row][vc_row row_height_percent=&#8221;0&#8243; overlay_alpha=&#8221;50&#8243; gutter_size=&#8221;3&#8243; column_width_percent=&#8221;100&#8243; shift_y=&#8221;0&#8243; z_index=&#8221;0&#8243; desktop_visibility=&#8221;yes&#8221;][vc_column width=&#8221;1\/1&#8243;][vc_single_image media=&#8221;79591&#8243; media_width_percent=&#8221;60&#8243; media_ratio=&#8221;two-three&#8221; alignment=&#8221;center&#8221; shadow=&#8221;yes&#8221; shadow_weight=&#8221;lg&#8221;][vc_custom_heading text_color=&#8221;accent&#8221; heading_semantic=&#8221;h6&#8243; text_size=&#8221;h6&#8243; text_transform=&#8221;uppercase&#8221;]Wicke Herrler Notare[\/vc_custom_heading][vc_custom_heading heading_semantic=&#8221;h3&#8243; text_size=&#8221;h1&#8243;]Prof. Dr. Hartmut Wicke, LL.M.[\/vc_custom_heading][vc_column_text]<strong>Professional background of Prof. Dr. Hartmut Wicke, LL.M. <\/strong><\/p>\n<ul>\n<li><a href=\"http:\/\/www.degruyter.com\/view\/serial\/16140\">Coeditor of Zeitschrift f\u00fcr Unternehmens- und Gesellschaftsrecht (ZGR)<\/a><\/li>\n<li><a href=\"http:\/\/www.law-school.de\/nzf.html\">Member of the Academic Advisory Council of the Notarial Center for Family Enterprises at Bucerius Law School, Hamburg<\/a><\/li>\n<li>Member of the Hamburg Circle on the Law of Family Businesses<\/li>\n<li>Member of the board of the Institute for Notarial Law, Jena<\/li>\n<li>Mentor notary for company law and real estate law of the German Notarial Institute (Deutsches Notarinstitut)<\/li>\n<li>Member of the Committee for Corporate Law of Bundesnotarkammer<\/li>\n<li>Member of the German-South African Lawyers Association<\/li>\n<li>Various lecturing activities, including for BeckAkademie, Deutsches Anwaltsinstitut and the annual conference of tax lawyers<\/li>\n<\/ul>\n<p>[\/vc_column_text][\/vc_column][\/vc_row][vc_row row_height_percent=&#8221;0&#8243; override_padding=&#8221;yes&#8221; h_padding=&#8221;3&#8243; top_padding=&#8221;0&#8243; bottom_padding=&#8221;2&#8243; overlay_alpha=&#8221;50&#8243; gutter_size=&#8221;3&#8243; column_width_percent=&#8221;100&#8243; shift_y=&#8221;0&#8243; z_index=&#8221;0&#8243;][vc_column width=&#8221;1\/1&#8243;][vc_column_text uncode_shortcode_id=&#8221;150580&#8243;]<strong>Other activities \/ memberships<\/strong><\/p>\n<ul>\n<li>Coeditor of Zeitschrift f\u00fcr Unternehmens- und Gesellschaftsrecht (ZGR)<\/li>\n<li>Chairman of the Committee for Commercial and Corporate Law at the Federal Chamber of Notaries<\/li>\n<li>Member of the Academic Advisory Board of the Notarial Center for Family Businesses at Bucerius Law School, Hamburg<\/li>\n<li>Board member of the Institute for Notarial Law, Jena<\/li>\n<li>Patent notary for corporate law and real estate law at the German Notary Institute<\/li>\n<li>Member of the German-South African Lawyers&#8217; Association<\/li>\n<li>Various lecturing activities, including at the BeckAkademie, the German Lawyers&#8217; Institute and the annual conference of specialist lawyers for tax law.<\/li>\n<\/ul>\n<p>[\/vc_column_text][\/vc_column][\/vc_row][vc_row row_height_percent=&#8221;0&#8243; override_padding=&#8221;yes&#8221; h_padding=&#8221;3&#8243; top_padding=&#8221;2&#8243; bottom_padding=&#8221;2&#8243; overlay_alpha=&#8221;50&#8243; gutter_size=&#8221;3&#8243; column_width_percent=&#8221;100&#8243; shift_y=&#8221;0&#8243; z_index=&#8221;0&#8243; uncode_shortcode_id=&#8221;148205&#8243;][vc_column column_width_percent=&#8221;100&#8243; gutter_size=&#8221;3&#8243; overlay_alpha=&#8221;50&#8243; shift_x=&#8221;0&#8243; shift_y=&#8221;0&#8243; shift_y_down=&#8221;0&#8243; z_index=&#8221;0&#8243; medium_width=&#8221;0&#8243; mobile_width=&#8221;0&#8243; width=&#8221;1\/1&#8243;][vc_row_inner][vc_column_inner column_width_percent=&#8221;100&#8243; gutter_size=&#8221;3&#8243; overlay_alpha=&#8221;50&#8243; shift_x=&#8221;0&#8243; shift_y=&#8221;0&#8243; shift_y_down=&#8221;0&#8243; z_index=&#8221;0&#8243; medium_width=&#8221;0&#8243; align_mobile=&#8221;align_center_mobile&#8221; mobile_width=&#8221;7&#8243; width=&#8221;1\/2&#8243; uncode_shortcode_id=&#8221;615427&#8243;][vc_button button_color=&#8221;accent&#8221; wide=&#8221;yes&#8221; border_width=&#8221;0&#8243; button_color_type=&#8221;uncode-palette&#8221; uncode_shortcode_id=&#8221;545516&#8243; link=&#8221;url:https%3A%2F%2Fbrienner13.de%2Fen%2Fprof-dr-hartmut-wicke__trashed%2Fpublications-prof-dr-hartmut-wicke-ll-m%2F&#8221;]Publications[\/vc_button][\/vc_column_inner][vc_column_inner column_width_percent=&#8221;100&#8243; gutter_size=&#8221;3&#8243; overlay_alpha=&#8221;50&#8243; shift_x=&#8221;0&#8243; shift_y=&#8221;0&#8243; shift_y_down=&#8221;0&#8243; z_index=&#8221;0&#8243; medium_width=&#8221;0&#8243; align_mobile=&#8221;align_center_mobile&#8221; mobile_width=&#8221;7&#8243; width=&#8221;1\/2&#8243; uncode_shortcode_id=&#8221;187088&#8243;][vc_button button_color=&#8221;accent&#8221; wide=&#8221;yes&#8221; border_width=&#8221;0&#8243; button_color_type=&#8221;uncode-palette&#8221; uncode_shortcode_id=&#8221;544376&#8243; link=&#8221;url:%2Fen%2Flecturing-activities&#8221;]Lecture activities[\/vc_button][\/vc_column_inner][\/vc_row_inner][vc_empty_space empty_h=&#8221;3&#8243;][vc_gallery el_id=&#8221;gallery-811296&#8243; isotope_mode=&#8221;cellsByRow&#8221; medias=&#8221;80184,80186,80190,80182,80188,80192&#8243; gutter_size=&#8221;0&#8243; media_items=&#8221;media|nolink|original,icon&#8221; screen_lg=&#8221;750&#8243; screen_md=&#8221;600&#8243; screen_sm=&#8221;0&#8243; single_width=&#8221;2&#8243; images_size=&#8221;one-one&#8221; single_overlay_opacity=&#8221;1&#8243; single_padding=&#8221;2&#8243; items=&#8221;eyI3OTk1Ml9pIjp7InNpbmdsZV93aWR0aCI6IjIifSwiNzk1NThfaSI6eyJzaW5nbGVfd2lkdGgiOiIzIn0sIjc5NjM2X2kiOnsic2luZ2xlX3dpZHRoIjoiMyJ9LCI3OTk0NF9pIjp7InNpbmdsZV93aWR0aCI6IjIifX0=&#8221; uncode_shortcode_id=&#8221;171953&#8243;][vc_empty_space empty_h=&#8221;1&#8243;][vc_column_text uncode_shortcode_id=&#8221;371756&#8243;]<\/p>\n<ul>\n<li>Gr\u00fcneberg (vormals \u201ePalandt\u201c), B\u00fcrgerliches Gesetzbuch, Kommentierung \u00a7\u00a7 1204 \u2013 1296 BGB (Pfandrecht), \u00a7\u00a7 1-39 Erbbaurechtsgesetz, \u00a7\u00a7 1 \u2013 49 Wohnungseigentumsgesetz, Verlag C.H. Beck, 84. Aufl. 2025 (j\u00e4hrlich seit 76. Aufl. 2017)<\/li>\n<li>Gesetz betreffend die Gesellschaften mit beschr\u00e4nkter Haftung, Kommentar, Verlag C.H. Beck, 5. Aufl. 2024, (4. Aufl. 2020, 3. Aufl. 2016, 2. Aufl. 2011, 1. Aufl. 2008)<\/li>\n<li>Habersack\/Wicke, UmwG, 3. Aufl. 2023 (2. Aufl. 2021, 1. Aufl. 2018; = beck-online.GROSSKOMMENTAR zum Umwandlungsgesetz), Kommentierung \u00a7\u00a7 4-7, 316 UmwG, Verlag C.H. Beck<\/li>\n<li>Spindler\/Stilz (Hrsg.), Kommentar zum Aktienrecht, Kommentierung \u00a7\u00a7 129, 130 AktG, Verlag C.H. Beck, 5. Aufl. 2022 (4. Aufl. 2019, 3. Aufl. 2015, 2. Aufl. 2010, 1. Aufl. 2007 = beck-online.GROSSKOMMENTAR zum Aktiengesetz)<\/li>\n<li>Goette\/Fleischer (Hrsg.), M\u00fcnchener Kommentar zum GmbH-Gesetz, Kommentierung \u00a7\u00a7 3, 9c, 12 GmbHG, Verlag C. H. Beck, 4. Aufl. 2022 (3. Aufl. 2018, 2. Aufl. 2015, 1. Aufl. 2010)<\/li>\n<li>Wicke\/Bachmann (Hrsg.), M\u00fcnchener Handbuch des Gesellschaftsrechts Band 3 GmbH, Verlag C.H. Beck, 6. Aufl. 2023, Kapitel zur Gesellschafterliste<\/li>\n<\/ul>\n<p>[\/vc_column_text][\/vc_column][\/vc_row]<\/p>\n<\/div>","protected":false},"excerpt":{"rendered":"<p>[vc_row row_height_percent=&#8221;0&#8243; overlay_alpha=&#8221;50&#8243; equal_height=&#8221;yes&#8221; gutter_size=&#8221;4&#8243; column_width_percent=&#8221;100&#8243; shift_y=&#8221;0&#8243; z_index=&#8221;0&#8243; medium_visibility=&#8221;yes&#8221; mobile_visibility=&#8221;yes&#8221; el_class=&#8221;inverted-device-order&#8221;][vc_column column_width_percent=&#8221;100&#8243; position_horizontal=&#8221;left&#8221; position_vertical=&#8221;middle&#8221; gutter_size=&#8221;3&#8243; override_padding=&#8221;yes&#8221; column_padding=&#8221;2&#8243; overlay_alpha=&#8221;50&#8243; shift_x=&#8221;0&#8243; shift_y=&#8221;0&#8243; [&hellip;]<\/p>\n","protected":false},"author":1,"featured_media":0,"parent":0,"menu_order":0,"comment_status":"closed","ping_status":"closed","template":"","meta":{"footnotes":""},"class_list":["post-80075","page","type-page","status-publish","hentry"],"yoast_head":"<!-- This site is optimized with the Yoast SEO plugin v25.4 - https:\/\/yoast.com\/wordpress\/plugins\/seo\/ -->\n<title>Prof. Dr. Hartmut Wicke | Notare Wicke Herrler<\/title>\n<meta name=\"description\" content=\"Informationen \u00fcber Herrn Prof. Dr. Hartmut Wicke. Sie finden hier eine \u00dcbersicht seiner Ver\u00f6ffentlichungen und seiner Vortragst\u00e4tigkeiten.\" \/>\n<meta name=\"robots\" content=\"noindex, nofollow\" \/>\n<meta property=\"og:locale\" content=\"en_US\" \/>\n<meta property=\"og:type\" content=\"article\" \/>\n<meta property=\"og:title\" content=\"Prof. Dr. Hartmut Wicke | Notare Wicke Herrler\" \/>\n<meta property=\"og:description\" content=\"Informationen \u00fcber Herrn Prof. Dr. Hartmut Wicke. Sie finden hier eine \u00dcbersicht seiner Ver\u00f6ffentlichungen und seiner Vortragst\u00e4tigkeiten.\" \/>\n<meta property=\"og:url\" content=\"https:\/\/brienner13.de\/en\/prof-dr-hartmut-wicke\/\" \/>\n<meta property=\"og:site_name\" content=\"Notare Wicke Herrler\" \/>\n<meta property=\"article:modified_time\" content=\"2026-01-12T06:53:05+00:00\" \/>\n<meta name=\"twitter:card\" content=\"summary_large_image\" \/>\n<meta name=\"twitter:label1\" content=\"Est. reading time\" \/>\n\t<meta name=\"twitter:data1\" content=\"4 minutes\" \/>\n<script type=\"application\/ld+json\" class=\"yoast-schema-graph\">{\"@context\":\"https:\/\/schema.org\",\"@graph\":[{\"@type\":\"WebPage\",\"@id\":\"https:\/\/brienner13.de\/en\/prof-dr-hartmut-wicke\/\",\"url\":\"https:\/\/brienner13.de\/en\/prof-dr-hartmut-wicke\/\",\"name\":\"Prof. Dr. Hartmut Wicke | Notare Wicke Herrler\",\"isPartOf\":{\"@id\":\"https:\/\/brienner13.de\/#website\"},\"datePublished\":\"2024-05-24T09:57:27+00:00\",\"dateModified\":\"2026-01-12T06:53:05+00:00\",\"description\":\"Informationen \u00fcber Herrn Prof. Dr. Hartmut Wicke. Sie finden hier eine \u00dcbersicht seiner Ver\u00f6ffentlichungen und seiner Vortragst\u00e4tigkeiten.\",\"breadcrumb\":{\"@id\":\"https:\/\/brienner13.de\/en\/prof-dr-hartmut-wicke\/#breadcrumb\"},\"inLanguage\":\"en-US\",\"potentialAction\":[{\"@type\":\"ReadAction\",\"target\":[\"https:\/\/brienner13.de\/en\/prof-dr-hartmut-wicke\/\"]}]},{\"@type\":\"BreadcrumbList\",\"@id\":\"https:\/\/brienner13.de\/en\/prof-dr-hartmut-wicke\/#breadcrumb\",\"itemListElement\":[{\"@type\":\"ListItem\",\"position\":1,\"name\":\"Startseite\",\"item\":\"https:\/\/brienner13.de\/en\/\"},{\"@type\":\"ListItem\",\"position\":2,\"name\":\"Prof. Dr. Hartmut Wicke\"}]},{\"@type\":\"WebSite\",\"@id\":\"https:\/\/brienner13.de\/#website\",\"url\":\"https:\/\/brienner13.de\/\",\"name\":\"Notare Wicke Herrler\",\"description\":\"Ihr Notar in M\u00fcnchen\",\"publisher\":{\"@id\":\"https:\/\/brienner13.de\/#organization\"},\"potentialAction\":[{\"@type\":\"SearchAction\",\"target\":{\"@type\":\"EntryPoint\",\"urlTemplate\":\"https:\/\/brienner13.de\/?s={search_term_string}\"},\"query-input\":{\"@type\":\"PropertyValueSpecification\",\"valueRequired\":true,\"valueName\":\"search_term_string\"}}],\"inLanguage\":\"en-US\"},{\"@type\":\"Organization\",\"@id\":\"https:\/\/brienner13.de\/#organization\",\"name\":\"Wicke Herrler Notare\",\"url\":\"https:\/\/brienner13.de\/\",\"logo\":{\"@type\":\"ImageObject\",\"inLanguage\":\"en-US\",\"@id\":\"https:\/\/brienner13.de\/#\/schema\/logo\/image\/\",\"url\":\"https:\/\/brienner13.de\/wp-content\/uploads\/2019\/07\/Wicke_Herrler_Logo_web.jpg\",\"contentUrl\":\"https:\/\/brienner13.de\/wp-content\/uploads\/2019\/07\/Wicke_Herrler_Logo_web.jpg\",\"width\":400,\"height\":390,\"caption\":\"Wicke Herrler Notare\"},\"image\":{\"@id\":\"https:\/\/brienner13.de\/#\/schema\/logo\/image\/\"}}]}<\/script>\n<!-- \/ Yoast SEO plugin. -->","yoast_head_json":{"title":"Prof. Dr. Hartmut Wicke | Notare Wicke Herrler","description":"Informationen \u00fcber Herrn Prof. Dr. Hartmut Wicke. Sie finden hier eine \u00dcbersicht seiner Ver\u00f6ffentlichungen und seiner Vortragst\u00e4tigkeiten.","robots":{"index":"noindex","follow":"nofollow"},"og_locale":"en_US","og_type":"article","og_title":"Prof. Dr. Hartmut Wicke | Notare Wicke Herrler","og_description":"Informationen \u00fcber Herrn Prof. Dr. Hartmut Wicke. Sie finden hier eine \u00dcbersicht seiner Ver\u00f6ffentlichungen und seiner Vortragst\u00e4tigkeiten.","og_url":"https:\/\/brienner13.de\/en\/prof-dr-hartmut-wicke\/","og_site_name":"Notare Wicke Herrler","article_modified_time":"2026-01-12T06:53:05+00:00","twitter_card":"summary_large_image","twitter_misc":{"Est. reading time":"4 minutes"},"schema":{"@context":"https:\/\/schema.org","@graph":[{"@type":"WebPage","@id":"https:\/\/brienner13.de\/en\/prof-dr-hartmut-wicke\/","url":"https:\/\/brienner13.de\/en\/prof-dr-hartmut-wicke\/","name":"Prof. Dr. Hartmut Wicke | Notare Wicke Herrler","isPartOf":{"@id":"https:\/\/brienner13.de\/#website"},"datePublished":"2024-05-24T09:57:27+00:00","dateModified":"2026-01-12T06:53:05+00:00","description":"Informationen \u00fcber Herrn Prof. Dr. Hartmut Wicke. Sie finden hier eine \u00dcbersicht seiner Ver\u00f6ffentlichungen und seiner Vortragst\u00e4tigkeiten.","breadcrumb":{"@id":"https:\/\/brienner13.de\/en\/prof-dr-hartmut-wicke\/#breadcrumb"},"inLanguage":"en-US","potentialAction":[{"@type":"ReadAction","target":["https:\/\/brienner13.de\/en\/prof-dr-hartmut-wicke\/"]}]},{"@type":"BreadcrumbList","@id":"https:\/\/brienner13.de\/en\/prof-dr-hartmut-wicke\/#breadcrumb","itemListElement":[{"@type":"ListItem","position":1,"name":"Startseite","item":"https:\/\/brienner13.de\/en\/"},{"@type":"ListItem","position":2,"name":"Prof. Dr. Hartmut Wicke"}]},{"@type":"WebSite","@id":"https:\/\/brienner13.de\/#website","url":"https:\/\/brienner13.de\/","name":"Notare Wicke Herrler","description":"Ihr Notar in M\u00fcnchen","publisher":{"@id":"https:\/\/brienner13.de\/#organization"},"potentialAction":[{"@type":"SearchAction","target":{"@type":"EntryPoint","urlTemplate":"https:\/\/brienner13.de\/?s={search_term_string}"},"query-input":{"@type":"PropertyValueSpecification","valueRequired":true,"valueName":"search_term_string"}}],"inLanguage":"en-US"},{"@type":"Organization","@id":"https:\/\/brienner13.de\/#organization","name":"Wicke Herrler Notare","url":"https:\/\/brienner13.de\/","logo":{"@type":"ImageObject","inLanguage":"en-US","@id":"https:\/\/brienner13.de\/#\/schema\/logo\/image\/","url":"https:\/\/brienner13.de\/wp-content\/uploads\/2019\/07\/Wicke_Herrler_Logo_web.jpg","contentUrl":"https:\/\/brienner13.de\/wp-content\/uploads\/2019\/07\/Wicke_Herrler_Logo_web.jpg","width":400,"height":390,"caption":"Wicke Herrler Notare"},"image":{"@id":"https:\/\/brienner13.de\/#\/schema\/logo\/image\/"}}]}},"_links":{"self":[{"href":"https:\/\/brienner13.de\/en\/wp-json\/wp\/v2\/pages\/80075","targetHints":{"allow":["GET"]}}],"collection":[{"href":"https:\/\/brienner13.de\/en\/wp-json\/wp\/v2\/pages"}],"about":[{"href":"https:\/\/brienner13.de\/en\/wp-json\/wp\/v2\/types\/page"}],"author":[{"embeddable":true,"href":"https:\/\/brienner13.de\/en\/wp-json\/wp\/v2\/users\/1"}],"replies":[{"embeddable":true,"href":"https:\/\/brienner13.de\/en\/wp-json\/wp\/v2\/comments?post=80075"}],"version-history":[{"count":8,"href":"https:\/\/brienner13.de\/en\/wp-json\/wp\/v2\/pages\/80075\/revisions"}],"predecessor-version":[{"id":80310,"href":"https:\/\/brienner13.de\/en\/wp-json\/wp\/v2\/pages\/80075\/revisions\/80310"}],"wp:attachment":[{"href":"https:\/\/brienner13.de\/en\/wp-json\/wp\/v2\/media?parent=80075"}],"curies":[{"name":"wp","href":"https:\/\/api.w.org\/{rel}","templated":true}]}}