{"id":80135,"date":"2024-05-24T12:11:22","date_gmt":"2024-05-24T10:11:22","guid":{"rendered":"https:\/\/brienner13.de\/?page_id=80135"},"modified":"2026-01-12T08:03:44","modified_gmt":"2026-01-12T07:03:44","slug":"lecturing-activities","status":"publish","type":"page","link":"https:\/\/brienner13.de\/en\/lecturing-activities\/","title":{"rendered":"Lecturing activities"},"content":{"rendered":"<div class=\"wpb-content-wrapper\"><p>[vc_row row_height_percent=&#8221;0&#8243; override_padding=&#8221;yes&#8221; h_padding=&#8221;7&#8243; top_padding=&#8221;2&#8243; bottom_padding=&#8221;2&#8243; overlay_alpha=&#8221;50&#8243; gutter_size=&#8221;3&#8243; column_width_percent=&#8221;100&#8243; shift_y=&#8221;0&#8243; z_index=&#8221;0&#8243;][vc_column width=&#8221;1\/1&#8243;][vc_column_text uncode_shortcode_id=&#8221;178778&#8243;]Status: January 2026[\/vc_column_text][vc_custom_heading text_color=&#8221;accent&#8221; heading_semantic=&#8221;h1&#8243; text_size=&#8221;h1&#8243; uncode_shortcode_id=&#8221;533171&#8243; text_color_type=&#8221;uncode-palette&#8221;]Lecturing activities Prof. Dr. Hartmut Wicke, LL.M.[\/vc_custom_heading][\/vc_column][\/vc_row][vc_row row_height_percent=&#8221;0&#8243; override_padding=&#8221;yes&#8221; h_padding=&#8221;3&#8243; top_padding=&#8221;2&#8243; bottom_padding=&#8221;2&#8243; overlay_alpha=&#8221;50&#8243; gutter_size=&#8221;3&#8243; column_width_percent=&#8221;100&#8243; shift_y=&#8221;0&#8243; z_index=&#8221;0&#8243; uncode_shortcode_id=&#8221;166346&#8243;][vc_column column_width_percent=&#8221;100&#8243; gutter_size=&#8221;3&#8243; overlay_alpha=&#8221;50&#8243; shift_x=&#8221;0&#8243; shift_y=&#8221;0&#8243; shift_y_down=&#8221;0&#8243; z_index=&#8221;0&#8243; medium_width=&#8221;0&#8243; mobile_width=&#8221;0&#8243; width=&#8221;1\/1&#8243;][vc_column_text uncode_shortcode_id=&#8221;538332&#8243;]<\/p>\n<table>\n<tbody>\n<tr>\n<td width=\"205\"><strong>Date\/Time<\/strong><\/td>\n<td width=\"205\"><strong>Title<\/strong><\/td>\n<td width=\"205\"><strong>Organizer\/Framework<\/strong><\/td>\n<\/tr>\n<tr>\n<td width=\"205\">12\/2025<\/td>\n<td width=\"205\">Digitale Gesellschaftsgr\u00fcndung<\/td>\n<td width=\"205\">Forschungsstelle f\u00fcr Notarrecht Ludwig-Maximilians-Universit\u00e4t M\u00fcnchen<\/td>\n<\/tr>\n<tr>\n<td width=\"205\">7\/2025<\/td>\n<td width=\"205\">Europ\u00e4ische Aktiengesellschaft<\/td>\n<td width=\"205\">Fortbildung Notarassessoren, Fischbachau<\/td>\n<\/tr>\n<tr>\n<td width=\"205\">5\/2025<\/td>\n<td width=\"205\">Gesellschaftsrechtliche Unternehmenspraxis \u2013 Aktuelle Probleme im Lichte der neueren Rechtsprechung (zusammen mit Prof. Dr. Dr. h. c. mult. Karsten Schmidt, VorsRiBGH Manfred Born, Prof. Dr. Jan Lieder)<\/td>\n<td width=\"205\">76. Steuerrechtliche Jahresarbeitstagung Unternehmen 2024<\/td>\n<\/tr>\n<tr>\n<td width=\"205\">5\/2025<\/td>\n<td width=\"205\">Einf\u00fchrungsvortrag: dogmatische Grundlagen<\/td>\n<td width=\"205\">Achtzehntes Symposion des Instituts f\u00fcr Notarrecht an der Friedrich-Schiller-Universit\u00e4t Jena &#8211; 5 Jahre WEMoG in der notariellen Praxis<\/td>\n<\/tr>\n<tr>\n<td width=\"205\">10\/2024<\/td>\n<td width=\"205\">Virtuelle Eigent\u00fcmerversammlung \u2013 welche Probleme l\u00f6st sie, welche entstehen neu?<\/td>\n<td width=\"205\">50. Fachgespr\u00e4ch zum WEG, 23. \u2013 25. Oktober 2024 Fischen<\/td>\n<\/tr>\n<tr>\n<td width=\"205\">7\/2024<\/td>\n<td width=\"205\">Europ\u00e4ische Aktiengesellschaft<\/td>\n<td width=\"205\">Fortbildung Notarassessoren, Fischbachau<\/td>\n<\/tr>\n<tr>\n<td width=\"205\">5\/2024<\/td>\n<td width=\"205\">Gesellschaftsrechtliche Unternehmenspraxis \u2013 Aktuelle Probleme im Lichte der neueren Rechtsprechung (zusammen mit Prof. Dr. Dr. h. c. mult. Karsten Schmidt, VorsRiBGH Manfred Born, Prof. Dr. Jan Lieder)<\/td>\n<td width=\"205\">75. Steuerrechtliche Jahresarbeitstagung Unternehmen 2024<\/td>\n<\/tr>\n<tr>\n<td width=\"205\">4\/2024<\/td>\n<td width=\"205\">Praxisfragen der Zwei-Personen-GmbH<\/td>\n<td width=\"205\">22. Gesellschaftsrechtliche Jahresarbeitstagung, Deutsches Anwalts Institut e. V., Fachinstitut f\u00fcrHandels- und Gesellschaftsrecht<\/td>\n<\/tr>\n<tr>\n<td width=\"205\">7\/2023<\/td>\n<td width=\"205\">Europ\u00e4ische Aktiengesellschaft<\/td>\n<td width=\"205\">Fortbildung Notarassessoren, Fischbau<\/td>\n<\/tr>\n<tr>\n<td width=\"205\">5\/2023<\/td>\n<td width=\"205\">Gesellschaftsrechtliche Unternehmenspraxis \u2013 Aktuelle Probleme im Lichte der neueren Rechtsprechung (zusammen mit Prof. Dr. Dr. h. c. mult. Karsten Schmidt, VorsRiBGH Manfred Born, Prof. Dr. Jan Lieder)<\/td>\n<td width=\"205\">74. Steuerrechtliche Jahresarbeitstagung Unternehmen 2023<\/td>\n<\/tr>\n<tr>\n<td width=\"205\">11\/2022<\/td>\n<td width=\"205\">Sachverst\u00e4ndigenanh\u00f6rung zum Regierungsentwurf des Gesetzes zur Umsetzung der Umwandlungsrichtlinie (UmRUG), BT-Drs. 20\/3822<\/td>\n<td width=\"205\">Rechtsausschuss Bundestag<\/td>\n<\/tr>\n<tr>\n<td width=\"205\">6\/2022<\/td>\n<td width=\"205\">Aktuelle Entwicklungen im Bereich der Gesellschafterliste \u2013 Gesetzgebung und Rechtsprechung &#8211;<\/td>\n<td width=\"205\">Symposium des Instituts f\u00fcr Notarrecht Jena<\/td>\n<\/tr>\n<tr>\n<td width=\"205\">5\/2022<\/td>\n<td width=\"205\">Gesellschaftsrechtliche Unternehmenspraxis \u2013 Aktuelle Probleme im Lichte der neueren Rechtsprechung (zusammen mit Prof. Dr. Dr. h. c. mult. Karsten Schmidt und VorsRiBGH Prof. Dr. Ingo Drescher)<\/td>\n<td width=\"205\">73. Steuerrechtliche Jahresarbeitstagung Unternehmen 2022<\/td>\n<\/tr>\n<tr>\n<td width=\"205\">7\/2021<\/td>\n<td width=\"205\">Europ\u00e4ische Aktiengesellschaft<\/td>\n<td width=\"205\">Fortbildung Notarassessoren, Fischbau<\/td>\n<\/tr>\n<tr>\n<td width=\"205\">6\/2021<\/td>\n<td width=\"205\">Die Hauptversammlung w\u00e4hrend der Pandemie und in der Zukunft<\/td>\n<td width=\"205\">20. Symposium des Instituts f\u00fcr Notarrecht an der Universit\u00e4t W\u00fcrzburg zum Thema<\/td>\n<\/tr>\n<tr>\n<td width=\"205\">3\/2021<\/td>\n<td width=\"205\">Europ\u00e4ische Aktiengesellschaft (SE)<\/td>\n<td width=\"205\">Fortbildungsseminar zum Europ\u00e4ischen Gesellschaftsrecht Veranstalter: Bundesnotarkammer und Consiglio Nazionale del Notariato (CNN)<\/td>\n<\/tr>\n<tr>\n<td width=\"205\">11\/2020<\/td>\n<td width=\"205\">Die Gr\u00fcndungsphase nach der WEG-Reform<\/td>\n<td width=\"205\">4. M\u00fcnchener Immobilienrechtstag<\/td>\n<\/tr>\n<tr>\n<td width=\"205\">10\/2020<\/td>\n<td width=\"205\">Die Gr\u00fcndungsphase nach der WEG-Reform<\/td>\n<td width=\"205\">46. Fachgespr\u00e4ch zum WEG, Fischen<\/td>\n<\/tr>\n<tr>\n<td width=\"205\">7\/2020<\/td>\n<td width=\"205\">Europ\u00e4ische Aktiengesellschaft<\/td>\n<td width=\"205\">Fortbildung Notarassessoren, Fischbau<\/td>\n<\/tr>\n<tr>\n<td width=\"205\">5\/2020<\/td>\n<td width=\"205\">Gesellschaftsrechtliche Unternehmenspraxis \u2013 Aktuelle Probleme im Lichte der neueren Rechtsprechung (zusammen mit Prof. Dr. Dr. h. c. mult. Karsten Schmidt und VorsRiBGH Prof. Dr. Ingo Drescher)<\/td>\n<td width=\"205\">72. Steuerrechtliche Jahresarbeitstagung Unternehmen 2020<\/td>\n<\/tr>\n<tr>\n<td width=\"205\">10\/2019<\/td>\n<td width=\"205\">Die SE als Familienunternehmen<\/td>\n<td width=\"205\">Notarrechtliches Zentrum Familienunternehmen Bucerius Law School<\/td>\n<\/tr>\n<tr>\n<td width=\"205\">7\/2019<\/td>\n<td width=\"205\">Europ\u00e4ische Aktiengesellschaft<\/td>\n<td width=\"205\">Fortbildung Notarassessoren, Fischbau<\/td>\n<\/tr>\n<tr>\n<td width=\"205\">5\/2019<\/td>\n<td width=\"205\">Gesellschaftsrechtliche Unternehmenspraxis \u2013 Aktuelle Probleme im Lichte der neueren Rechtsprechung (zusammen mit Prof. Dr. Dr. h. c. mult. Karsten Schmidt und Prof. Dr. Ingo Drescher)<\/td>\n<td width=\"205\"><strong>71. Steuerrechtliche Jahresarbeitstagung Unternehmen 2019<\/strong><\/td>\n<\/tr>\n<tr>\n<td width=\"205\">5\/2019<\/td>\n<td width=\"205\">Aktuelle Gestaltungsprobleme der GmbH<\/td>\n<td width=\"205\">ZIP Jahrestagung zum Gesellschaftsrecht<\/td>\n<\/tr>\n<tr>\n<td width=\"205\">5\/2018<\/td>\n<td width=\"205\">Gesellschaftsrechtliche Unternehmenspraxis \u2013 Aktuelle Probleme im Lichte der neueren Rechtsprechung (zusammen mit Prof. Dr. Dr. h. c. mult. Karsten Schmidt und Prof. Dr. Alfred Bergmann)<\/td>\n<td width=\"205\"><strong>70. Steuerrechtliche Jahresarbeitstagung Unternehmen 2019<\/strong><\/td>\n<\/tr>\n<tr>\n<td width=\"205\">7\/2018<\/td>\n<td width=\"205\">Europ\u00e4ische Aktiengesellschaft<\/td>\n<td width=\"205\">Fortbildung Notarassessoren, Fischbau<\/td>\n<\/tr>\n<tr>\n<td width=\"205\">05\/2017<\/td>\n<td width=\"205\">Einberufung und Durchf\u00fchrung der Gesellschafterversammlung<\/td>\n<td width=\"205\">Institut f\u00fcr Notarrecht Friedrich-Schiller-Universit\u00e4t Jena<\/td>\n<\/tr>\n<tr>\n<td width=\"205\">7\/2017<\/td>\n<td width=\"205\">Europ\u00e4ische Aktiengesellschaft<\/td>\n<td width=\"205\">Fortbildung Notarassessoren, Fischbau<\/td>\n<\/tr>\n<tr>\n<td width=\"205\">11\/2016<\/td>\n<td width=\"205\">Aktuelle Fragen des Gesellschaftsrechts und die notarielle Praxis (zusammen mit RiBGH Prof. Dr. Ingo Drescher)<\/td>\n<td width=\"205\">Deutsches Anwaltsinstitut, M\u00fcnchen<\/td>\n<\/tr>\n<tr>\n<td width=\"205\">9\/2016<\/td>\n<td width=\"205\">Referat zur Reform des Personengesellschaftsrechts<\/td>\n<td width=\"205\">71. Deutscher Juristentag, Essen<\/td>\n<\/tr>\n<tr>\n<td width=\"205\">1\/2015<\/td>\n<td width=\"205\">Europ\u00e4ische Aktiengesellschaft<\/td>\n<td width=\"205\">Fortbildung Notarassessoren, Fischbachau<\/td>\n<\/tr>\n<tr>\n<td width=\"205\">10\/2013<\/td>\n<td width=\"205\">Gesellschaftsrecht \u2013 notariell \u2013 aktuell \u2013 GmbH \u2013 AG &#8211; Umwandlungsrecht<\/td>\n<td width=\"205\">Deutsches Anwaltsinstitut, Hamburg<\/td>\n<\/tr>\n<tr>\n<td width=\"205\">1\/2013<\/td>\n<td width=\"205\">Europ\u00e4ische Aktiengesellschaft<\/td>\n<td width=\"205\">Fortbildung Notarassessoren, Fischbachau<\/td>\n<\/tr>\n<tr>\n<td width=\"205\">1\/2012<\/td>\n<td width=\"205\">Corporate Governance-Fragen in der Kautelarjurisprudenz kleiner und mittelgro\u00dfer Unternehmen<\/td>\n<td width=\"205\">ZGR-Symposion, K\u00f6nigstein<\/td>\n<\/tr>\n<tr>\n<td width=\"205\">11\/2011<\/td>\n<td width=\"205\">Praxisfragen der GmbH-Gesellschafterliste<\/td>\n<td width=\"205\">Jahrestagung Gesellschaftsrechtliche Vereinigung \u2013 wissenschaftliche Vereinigung f\u00fcr Unternehmens- und Gesellschaftsrecht (VGR)<\/td>\n<\/tr>\n<tr>\n<td width=\"205\">11\/2011<\/td>\n<td width=\"205\">Aktuelle Praxisfragen des &#8220;vereinfachten&#8221; Verfahrens zur GmbH- Gr\u00fcndung<\/td>\n<td width=\"205\">Forschungsstelle f\u00fcr Notarrecht Ludwig-Maximilians-Universit\u00e4t M\u00fcnchen<\/td>\n<\/tr>\n<tr>\n<td width=\"205\">2\/2011<\/td>\n<td width=\"205\">Aktuelle Fragen aus der GmbH-Praxis<\/td>\n<td width=\"205\">Universit\u00e4t Osnabr\u00fcck<\/td>\n<\/tr>\n<tr>\n<td width=\"205\">1\/2011<\/td>\n<td width=\"205\">Pr\u00fcfungspflichten und Gestaltungsfragen bei der notariellen Gesellschafterliste gem. \u00a7 40 Abs. 2 GmbHG<\/td>\n<td width=\"205\">Institut f\u00fcr Notarrecht Friedrich-Schiller-Universit\u00e4t Jena<\/td>\n<\/tr>\n<tr>\n<td width=\"205\">10\/2010<\/td>\n<td width=\"205\">Kontinuit\u00e4t und Wandel im Recht der GmbH<\/td>\n<td width=\"205\">Festvortrag auf dem Bayerisch-Pf\u00e4lzischen Notartag in Passau<\/td>\n<\/tr>\n<tr>\n<td width=\"205\">9\/2009<\/td>\n<td width=\"205\">Ein Jahr MoMiG<\/td>\n<td width=\"205\">Deutsches Anwaltsinstitut, Hamburg<\/td>\n<\/tr>\n<tr>\n<td width=\"205\">12\/2008<\/td>\n<td width=\"205\">Notarpraxis der Gr\u00fcndung und Anteils\u00fcbertragung nach dem MoMiG<\/td>\n<td width=\"205\">Kolloquium des Instituts f\u00fcr Notarrecht der Humboldt-Universit\u00e4t zu Berlin &#8211;<\/p>\n<p>Die Reform des GmbH-Rechts<\/td>\n<\/tr>\n<tr>\n<td width=\"205\">11\/2008<\/td>\n<td width=\"205\">Rechte, Pflichten und Haftungsrisiken des GmbH-Gesch\u00e4ftsf\u00fchrers nach dem MoMiG<\/td>\n<td width=\"205\">Bundesverband f\u00fcr Wirtschaftsf\u00f6rderung und Au\u00dfenwirtschaft e. V.<\/td>\n<\/tr>\n<tr>\n<td width=\"205\">06\/2006<\/td>\n<td width=\"205\">Europ\u00e4ische Aktiengesellschaft<\/td>\n<td width=\"205\">Fortbildung Hessische Registerrichter<\/td>\n<\/tr>\n<tr>\n<td width=\"205\">01\/2006<\/td>\n<td width=\"205\">Europ\u00e4ische Aktiengesellschaft<\/td>\n<td width=\"205\">Fortbildung Notarassessoren, Fischbachau<\/td>\n<\/tr>\n<tr>\n<td width=\"205\">seit 2009<\/td>\n<td width=\"205\">Praxiskurs GmbH<\/p>\n<p>Je ganztige Praktikerfortbilung drei- bis viermal j\u00e4hrlich<\/td>\n<td width=\"205\">Beckakademie<\/td>\n<\/tr>\n<tr>\n<td width=\"205\">2006 bis 2010<\/td>\n<td width=\"205\">Je ganzt\u00e4gige Fachanwaltskurse in den Gebieten GmbH-Recht, Umwandlungsrecht, Testamentsgestaltung und Unternehmensnachfolge<\/td>\n<td width=\"205\">Arber Verlag<\/td>\n<\/tr>\n<tr>\n<td width=\"205\">2004 bis 2006<\/td>\n<td width=\"205\">Kautelarklausrenkurs<\/td>\n<td width=\"205\">Universit\u00e4t W\u00fcrzburg<\/td>\n<\/tr>\n<tr>\n<td width=\"205\">2002 bis 2004<\/td>\n<td width=\"205\">Kautelarjuristischer Unterricht Rechtsreferendare<\/td>\n<td width=\"205\">Landgericht M\u00fcnchen<\/td>\n<\/tr>\n<\/tbody>\n<\/table>\n<p>[\/vc_column_text][\/vc_column][\/vc_row]<\/p>\n<\/div>","protected":false},"excerpt":{"rendered":"<p>[vc_row row_height_percent=&#8221;0&#8243; override_padding=&#8221;yes&#8221; h_padding=&#8221;7&#8243; top_padding=&#8221;2&#8243; bottom_padding=&#8221;2&#8243; overlay_alpha=&#8221;50&#8243; gutter_size=&#8221;3&#8243; column_width_percent=&#8221;100&#8243; shift_y=&#8221;0&#8243; z_index=&#8221;0&#8243;][vc_column width=&#8221;1\/1&#8243;][vc_column_text uncode_shortcode_id=&#8221;178778&#8243;]Status: January 2026[\/vc_column_text][vc_custom_heading text_color=&#8221;accent&#8221; heading_semantic=&#8221;h1&#8243; text_size=&#8221;h1&#8243; uncode_shortcode_id=&#8221;533171&#8243; text_color_type=&#8221;uncode-palette&#8221;]Lecturing [&hellip;]<\/p>\n","protected":false},"author":1,"featured_media":0,"parent":0,"menu_order":0,"comment_status":"closed","ping_status":"closed","template":"","meta":{"footnotes":""},"class_list":["post-80135","page","type-page","status-publish","hentry"],"yoast_head":"<!-- This site is optimized with the Yoast SEO plugin v25.4 - https:\/\/yoast.com\/wordpress\/plugins\/seo\/ -->\n<title>Lecturing activities | Notare Wicke Herrler<\/title>\n<meta name=\"description\" content=\"Information about Prof. Dr. Hartmut Wicke. Here you will find an overview of his publications and lectures.\" \/>\n<meta name=\"robots\" content=\"index, follow, max-snippet:-1, max-image-preview:large, max-video-preview:-1\" \/>\n<link rel=\"canonical\" href=\"https:\/\/brienner13.de\/en\/lecturing-activities\/\" \/>\n<meta property=\"og:locale\" content=\"en_US\" \/>\n<meta property=\"og:type\" content=\"article\" \/>\n<meta property=\"og:title\" content=\"Lecturing activities | Notare Wicke Herrler\" \/>\n<meta property=\"og:description\" content=\"Information about Prof. Dr. Hartmut Wicke. Here you will find an overview of his publications and lectures.\" \/>\n<meta property=\"og:url\" content=\"https:\/\/brienner13.de\/en\/lecturing-activities\/\" \/>\n<meta property=\"og:site_name\" content=\"Notare Wicke Herrler\" \/>\n<meta property=\"article:modified_time\" content=\"2026-01-12T07:03:44+00:00\" \/>\n<meta name=\"twitter:card\" content=\"summary_large_image\" \/>\n<meta name=\"twitter:label1\" content=\"Est. reading time\" \/>\n\t<meta name=\"twitter:data1\" content=\"5 minutes\" \/>\n<script type=\"application\/ld+json\" class=\"yoast-schema-graph\">{\"@context\":\"https:\/\/schema.org\",\"@graph\":[{\"@type\":\"WebPage\",\"@id\":\"https:\/\/brienner13.de\/en\/lecturing-activities\/\",\"url\":\"https:\/\/brienner13.de\/en\/lecturing-activities\/\",\"name\":\"Lecturing activities | Notare Wicke Herrler\",\"isPartOf\":{\"@id\":\"https:\/\/brienner13.de\/#website\"},\"datePublished\":\"2024-05-24T10:11:22+00:00\",\"dateModified\":\"2026-01-12T07:03:44+00:00\",\"description\":\"Information about Prof. Dr. Hartmut Wicke. Here you will find an overview of his publications and lectures.\",\"breadcrumb\":{\"@id\":\"https:\/\/brienner13.de\/en\/lecturing-activities\/#breadcrumb\"},\"inLanguage\":\"en-US\",\"potentialAction\":[{\"@type\":\"ReadAction\",\"target\":[\"https:\/\/brienner13.de\/en\/lecturing-activities\/\"]}]},{\"@type\":\"BreadcrumbList\",\"@id\":\"https:\/\/brienner13.de\/en\/lecturing-activities\/#breadcrumb\",\"itemListElement\":[{\"@type\":\"ListItem\",\"position\":1,\"name\":\"Startseite\",\"item\":\"https:\/\/brienner13.de\/en\/\"},{\"@type\":\"ListItem\",\"position\":2,\"name\":\"Lecturing activities\"}]},{\"@type\":\"WebSite\",\"@id\":\"https:\/\/brienner13.de\/#website\",\"url\":\"https:\/\/brienner13.de\/\",\"name\":\"Notare Wicke Herrler\",\"description\":\"Ihr Notar in M\u00fcnchen\",\"publisher\":{\"@id\":\"https:\/\/brienner13.de\/#organization\"},\"potentialAction\":[{\"@type\":\"SearchAction\",\"target\":{\"@type\":\"EntryPoint\",\"urlTemplate\":\"https:\/\/brienner13.de\/?s={search_term_string}\"},\"query-input\":{\"@type\":\"PropertyValueSpecification\",\"valueRequired\":true,\"valueName\":\"search_term_string\"}}],\"inLanguage\":\"en-US\"},{\"@type\":\"Organization\",\"@id\":\"https:\/\/brienner13.de\/#organization\",\"name\":\"Wicke Herrler Notare\",\"url\":\"https:\/\/brienner13.de\/\",\"logo\":{\"@type\":\"ImageObject\",\"inLanguage\":\"en-US\",\"@id\":\"https:\/\/brienner13.de\/#\/schema\/logo\/image\/\",\"url\":\"https:\/\/brienner13.de\/wp-content\/uploads\/2019\/07\/Wicke_Herrler_Logo_web.jpg\",\"contentUrl\":\"https:\/\/brienner13.de\/wp-content\/uploads\/2019\/07\/Wicke_Herrler_Logo_web.jpg\",\"width\":400,\"height\":390,\"caption\":\"Wicke Herrler Notare\"},\"image\":{\"@id\":\"https:\/\/brienner13.de\/#\/schema\/logo\/image\/\"}}]}<\/script>\n<!-- \/ Yoast SEO plugin. -->","yoast_head_json":{"title":"Lecturing activities | Notare Wicke Herrler","description":"Information about Prof. Dr. Hartmut Wicke. Here you will find an overview of his publications and lectures.","robots":{"index":"index","follow":"follow","max-snippet":"max-snippet:-1","max-image-preview":"max-image-preview:large","max-video-preview":"max-video-preview:-1"},"canonical":"https:\/\/brienner13.de\/en\/lecturing-activities\/","og_locale":"en_US","og_type":"article","og_title":"Lecturing activities | Notare Wicke Herrler","og_description":"Information about Prof. Dr. Hartmut Wicke. Here you will find an overview of his publications and lectures.","og_url":"https:\/\/brienner13.de\/en\/lecturing-activities\/","og_site_name":"Notare Wicke Herrler","article_modified_time":"2026-01-12T07:03:44+00:00","twitter_card":"summary_large_image","twitter_misc":{"Est. reading time":"5 minutes"},"schema":{"@context":"https:\/\/schema.org","@graph":[{"@type":"WebPage","@id":"https:\/\/brienner13.de\/en\/lecturing-activities\/","url":"https:\/\/brienner13.de\/en\/lecturing-activities\/","name":"Lecturing activities | Notare Wicke Herrler","isPartOf":{"@id":"https:\/\/brienner13.de\/#website"},"datePublished":"2024-05-24T10:11:22+00:00","dateModified":"2026-01-12T07:03:44+00:00","description":"Information about Prof. Dr. Hartmut Wicke. Here you will find an overview of his publications and lectures.","breadcrumb":{"@id":"https:\/\/brienner13.de\/en\/lecturing-activities\/#breadcrumb"},"inLanguage":"en-US","potentialAction":[{"@type":"ReadAction","target":["https:\/\/brienner13.de\/en\/lecturing-activities\/"]}]},{"@type":"BreadcrumbList","@id":"https:\/\/brienner13.de\/en\/lecturing-activities\/#breadcrumb","itemListElement":[{"@type":"ListItem","position":1,"name":"Startseite","item":"https:\/\/brienner13.de\/en\/"},{"@type":"ListItem","position":2,"name":"Lecturing activities"}]},{"@type":"WebSite","@id":"https:\/\/brienner13.de\/#website","url":"https:\/\/brienner13.de\/","name":"Notare Wicke Herrler","description":"Ihr Notar in M\u00fcnchen","publisher":{"@id":"https:\/\/brienner13.de\/#organization"},"potentialAction":[{"@type":"SearchAction","target":{"@type":"EntryPoint","urlTemplate":"https:\/\/brienner13.de\/?s={search_term_string}"},"query-input":{"@type":"PropertyValueSpecification","valueRequired":true,"valueName":"search_term_string"}}],"inLanguage":"en-US"},{"@type":"Organization","@id":"https:\/\/brienner13.de\/#organization","name":"Wicke Herrler Notare","url":"https:\/\/brienner13.de\/","logo":{"@type":"ImageObject","inLanguage":"en-US","@id":"https:\/\/brienner13.de\/#\/schema\/logo\/image\/","url":"https:\/\/brienner13.de\/wp-content\/uploads\/2019\/07\/Wicke_Herrler_Logo_web.jpg","contentUrl":"https:\/\/brienner13.de\/wp-content\/uploads\/2019\/07\/Wicke_Herrler_Logo_web.jpg","width":400,"height":390,"caption":"Wicke Herrler Notare"},"image":{"@id":"https:\/\/brienner13.de\/#\/schema\/logo\/image\/"}}]}},"_links":{"self":[{"href":"https:\/\/brienner13.de\/en\/wp-json\/wp\/v2\/pages\/80135","targetHints":{"allow":["GET"]}}],"collection":[{"href":"https:\/\/brienner13.de\/en\/wp-json\/wp\/v2\/pages"}],"about":[{"href":"https:\/\/brienner13.de\/en\/wp-json\/wp\/v2\/types\/page"}],"author":[{"embeddable":true,"href":"https:\/\/brienner13.de\/en\/wp-json\/wp\/v2\/users\/1"}],"replies":[{"embeddable":true,"href":"https:\/\/brienner13.de\/en\/wp-json\/wp\/v2\/comments?post=80135"}],"version-history":[{"count":4,"href":"https:\/\/brienner13.de\/en\/wp-json\/wp\/v2\/pages\/80135\/revisions"}],"predecessor-version":[{"id":80315,"href":"https:\/\/brienner13.de\/en\/wp-json\/wp\/v2\/pages\/80135\/revisions\/80315"}],"wp:attachment":[{"href":"https:\/\/brienner13.de\/en\/wp-json\/wp\/v2\/media?parent=80135"}],"curies":[{"name":"wp","href":"https:\/\/api.w.org\/{rel}","templated":true}]}}